






{"id":8745,"date":"2022-05-18T00:23:59","date_gmt":"2022-05-17T22:23:59","guid":{"rendered":"https:\/\/www.transcrya.com\/?page_id=8745"},"modified":"2024-08-29T20:56:24","modified_gmt":"2024-08-29T18:56:24","slug":"page-blanche","status":"publish","type":"page","link":"https:\/\/www.transcrya.com\/?page_id=8745","title":{"rendered":"Page blanche"},"content":{"rendered":"<div data-elementor-type=\"wp-page\" data-elementor-id=\"8745\" class=\"elementor elementor-8745\" data-elementor-settings=\"[]\">\n\t\t\t\t\t\t\t<div class=\"elementor-section-wrap\">\n\t\t\t\t\t\t\t<section class=\"elementor-section elementor-top-section elementor-element elementor-element-87ec2b1 elementor-section-boxed elementor-section-height-default elementor-section-height-default\" data-id=\"87ec2b1\" data-element_type=\"section\" data-settings=\"{&quot;_ha_eqh_enable&quot;:false}\">\n\t\t\t\t\t\t<div class=\"elementor-container elementor-column-gap-default\">\n\t\t\t\t\t<div class=\"elementor-column elementor-col-100 elementor-top-column elementor-element elementor-element-dad0b0a\" data-id=\"dad0b0a\" data-element_type=\"column\">\n\t\t\t<div class=\"elementor-widget-wrap elementor-element-populated\">\n\t\t\t\t\t\t\t\t<div class=\"elementor-element elementor-element-e04265d elementor-widget elementor-widget-text-editor\" data-id=\"e04265d\" data-element_type=\"widget\" data-widget_type=\"text-editor.default\">\n\t\t\t\t<div class=\"elementor-widget-container\">\n\t\t\t\t\t\t\tSur la gauche de votre \u00e9cran, vous trouverez par la suite 3 onglets verticaux<br>\npour naviguer facilement entre les diff\u00e9rentes sections de notre service.\t\t\t\t\t\t<\/div>\n\t\t\t\t<\/div>\n\t\t\t\t\t<\/div>\n\t\t<\/div>\n\t\t\t\t\t\t\t<\/div>\n\t\t<\/section>\n\t\t\t\t<section class=\"elementor-section elementor-top-section elementor-element elementor-element-90c36f9 elementor-section-content-middle elementor-section-boxed elementor-section-height-default elementor-section-height-default\" data-id=\"90c36f9\" data-element_type=\"section\" data-settings=\"{&quot;_ha_eqh_enable&quot;:false}\">\n\t\t\t\t\t\t<div class=\"elementor-container elementor-column-gap-default\">\n\t\t\t\t\t<div class=\"elementor-column elementor-col-33 elementor-top-column elementor-element elementor-element-5ef9dce\" data-id=\"5ef9dce\" data-element_type=\"column\">\n\t\t\t<div class=\"elementor-widget-wrap elementor-element-populated\">\n\t\t\t\t\t\t\t\t<div class=\"elementor-element elementor-element-cb21bc0 elementor-widget elementor-widget-image\" data-id=\"cb21bc0\" data-element_type=\"widget\" data-widget_type=\"image.default\">\n\t\t\t\t<div class=\"elementor-widget-container\">\n\t\t\t\t\t\t\t\t\t\t\t\t\t\t\t<img decoding=\"async\" width=\"1024\" height=\"1024\" src=\"https:\/\/www.transcrya.com\/wp-content\/uploads\/d6686725-793c-42ac-a419-5e95dfed5305-2-1024x1024.png\" class=\"attachment-large size-large\" alt=\"\" srcset=\"https:\/\/www.transcrya.com\/wp-content\/uploads\/d6686725-793c-42ac-a419-5e95dfed5305-2-1024x1024.png 1024w, https:\/\/www.transcrya.com\/wp-content\/uploads\/d6686725-793c-42ac-a419-5e95dfed5305-2-300x300.png 300w, https:\/\/www.transcrya.com\/wp-content\/uploads\/d6686725-793c-42ac-a419-5e95dfed5305-2-150x150.png 150w, https:\/\/www.transcrya.com\/wp-content\/uploads\/d6686725-793c-42ac-a419-5e95dfed5305-2-768x768.png 768w, https:\/\/www.transcrya.com\/wp-content\/uploads\/d6686725-793c-42ac-a419-5e95dfed5305-2-600x600.png 600w, https:\/\/www.transcrya.com\/wp-content\/uploads\/d6686725-793c-42ac-a419-5e95dfed5305-2-e1702505195785.png 100w\" sizes=\"(max-width: 1024px) 100vw, 1024px\" \/>\t\t\t\t\t\t\t\t\t\t\t\t\t\t\t<\/div>\n\t\t\t\t<\/div>\n\t\t\t\t<div class=\"elementor-element elementor-element-26ce156 elementor-widget elementor-widget-text-editor\" data-id=\"26ce156\" data-element_type=\"widget\" data-widget_type=\"text-editor.default\">\n\t\t\t\t<div class=\"elementor-widget-container\">\n\t\t\t\t\t\t\t<p>1<\/p>\t\t\t\t\t\t<\/div>\n\t\t\t\t<\/div>\n\t\t\t\t<div class=\"elementor-element elementor-element-e98da45 elementor-widget elementor-widget-text-editor\" data-id=\"e98da45\" data-element_type=\"widget\" data-widget_type=\"text-editor.default\">\n\t\t\t\t<div class=\"elementor-widget-container\">\n\t\t\t\t\t\t\tCommandez la g\u00e9n\u00e9ration automatique de sous-titres ou la transcription compl\u00e8te de vos vid\u00e9os.\t\t\t\t\t\t<\/div>\n\t\t\t\t<\/div>\n\t\t\t\t\t<\/div>\n\t\t<\/div>\n\t\t\t\t<div class=\"elementor-column elementor-col-33 elementor-top-column elementor-element elementor-element-f9daab3\" data-id=\"f9daab3\" data-element_type=\"column\">\n\t\t\t<div class=\"elementor-widget-wrap elementor-element-populated\">\n\t\t\t\t\t\t\t\t<div class=\"elementor-element elementor-element-ffff335 elementor-widget elementor-widget-image\" data-id=\"ffff335\" data-element_type=\"widget\" data-widget_type=\"image.default\">\n\t\t\t\t<div class=\"elementor-widget-container\">\n\t\t\t\t\t\t\t\t\t\t\t\t\t\t\t<img decoding=\"async\" width=\"1024\" height=\"1024\" src=\"https:\/\/www.transcrya.com\/wp-content\/uploads\/9f42d7e8-47ba-48a9-9377-5205150b39e5-2-1024x1024.png\" class=\"attachment-large size-large\" alt=\"\" srcset=\"https:\/\/www.transcrya.com\/wp-content\/uploads\/9f42d7e8-47ba-48a9-9377-5205150b39e5-2-1024x1024.png 1024w, https:\/\/www.transcrya.com\/wp-content\/uploads\/9f42d7e8-47ba-48a9-9377-5205150b39e5-2-300x300.png 300w, https:\/\/www.transcrya.com\/wp-content\/uploads\/9f42d7e8-47ba-48a9-9377-5205150b39e5-2-150x150.png 150w, https:\/\/www.transcrya.com\/wp-content\/uploads\/9f42d7e8-47ba-48a9-9377-5205150b39e5-2-768x768.png 768w, https:\/\/www.transcrya.com\/wp-content\/uploads\/9f42d7e8-47ba-48a9-9377-5205150b39e5-2-600x600.png 600w, https:\/\/www.transcrya.com\/wp-content\/uploads\/9f42d7e8-47ba-48a9-9377-5205150b39e5-2-e1702504881349.png 100w\" sizes=\"(max-width: 1024px) 100vw, 1024px\" \/>\t\t\t\t\t\t\t\t\t\t\t\t\t\t\t<\/div>\n\t\t\t\t<\/div>\n\t\t\t\t<div class=\"elementor-element elementor-element-0d1e4b9 elementor-widget elementor-widget-text-editor\" data-id=\"0d1e4b9\" data-element_type=\"widget\" data-widget_type=\"text-editor.default\">\n\t\t\t\t<div class=\"elementor-widget-container\">\n\t\t\t\t\t\t\t<p>2<\/p>\t\t\t\t\t\t<\/div>\n\t\t\t\t<\/div>\n\t\t\t\t<div class=\"elementor-element elementor-element-e3de977 elementor-widget elementor-widget-text-editor\" data-id=\"e3de977\" data-element_type=\"widget\" data-widget_type=\"text-editor.default\">\n\t\t\t\t<div class=\"elementor-widget-container\">\n\t\t\t\t\t\t\t<p>Suivez l&#8217;avancement de vos projets de sous-titres et de transcription vid\u00e9o, puis v\u00e9rifiez les fichiers finalis\u00e9s.<\/p>\t\t\t\t\t\t<\/div>\n\t\t\t\t<\/div>\n\t\t\t\t\t<\/div>\n\t\t<\/div>\n\t\t\t\t<div class=\"elementor-column elementor-col-33 elementor-top-column elementor-element elementor-element-4991cdf\" data-id=\"4991cdf\" data-element_type=\"column\">\n\t\t\t<div class=\"elementor-widget-wrap elementor-element-populated\">\n\t\t\t\t\t\t\t\t<div class=\"elementor-element elementor-element-b40acfe elementor-widget elementor-widget-image\" data-id=\"b40acfe\" data-element_type=\"widget\" data-widget_type=\"image.default\">\n\t\t\t\t<div class=\"elementor-widget-container\">\n\t\t\t\t\t\t\t\t\t\t\t\t\t\t\t<img decoding=\"async\" width=\"1024\" height=\"1024\" src=\"https:\/\/www.transcrya.com\/wp-content\/uploads\/ea72971c-f211-4ad8-b1af-5aa6ba79a44b-1-1024x1024.png\" class=\"attachment-large size-large\" alt=\"\" srcset=\"https:\/\/www.transcrya.com\/wp-content\/uploads\/ea72971c-f211-4ad8-b1af-5aa6ba79a44b-1-1024x1024.png 1024w, https:\/\/www.transcrya.com\/wp-content\/uploads\/ea72971c-f211-4ad8-b1af-5aa6ba79a44b-1-300x300.png 300w, https:\/\/www.transcrya.com\/wp-content\/uploads\/ea72971c-f211-4ad8-b1af-5aa6ba79a44b-1-150x150.png 150w, https:\/\/www.transcrya.com\/wp-content\/uploads\/ea72971c-f211-4ad8-b1af-5aa6ba79a44b-1-768x768.png 768w, https:\/\/www.transcrya.com\/wp-content\/uploads\/ea72971c-f211-4ad8-b1af-5aa6ba79a44b-1-600x600.png 600w, https:\/\/www.transcrya.com\/wp-content\/uploads\/ea72971c-f211-4ad8-b1af-5aa6ba79a44b-1-e1702505026412.png 100w\" sizes=\"(max-width: 1024px) 100vw, 1024px\" \/>\t\t\t\t\t\t\t\t\t\t\t\t\t\t\t<\/div>\n\t\t\t\t<\/div>\n\t\t\t\t<div class=\"elementor-element elementor-element-365bbaf elementor-widget elementor-widget-text-editor\" data-id=\"365bbaf\" data-element_type=\"widget\" data-widget_type=\"text-editor.default\">\n\t\t\t\t<div class=\"elementor-widget-container\">\n\t\t\t\t\t\t\t<p>3<\/p>\t\t\t\t\t\t<\/div>\n\t\t\t\t<\/div>\n\t\t\t\t<div class=\"elementor-element elementor-element-07e2556 elementor-widget elementor-widget-text-editor\" data-id=\"07e2556\" data-element_type=\"widget\" data-widget_type=\"text-editor.default\">\n\t\t\t\t<div class=\"elementor-widget-container\">\n\t\t\t\t\t\t\t<p>T\u00e9l\u00e9chargez vos sous-titres ou transcriptions vid\u00e9o dans le format d\u00e9sir\u00e9.<\/p>\t\t\t\t\t\t<\/div>\n\t\t\t\t<\/div>\n\t\t\t\t\t<\/div>\n\t\t<\/div>\n\t\t\t\t\t\t\t<\/div>\n\t\t<\/section>\n\t\t\t\t<section class=\"elementor-section elementor-top-section elementor-element elementor-element-dd57d16 elementor-section-boxed elementor-section-height-default elementor-section-height-default\" data-id=\"dd57d16\" data-element_type=\"section\" data-settings=\"{&quot;_ha_eqh_enable&quot;:false}\">\n\t\t\t\t\t\t<div class=\"elementor-container elementor-column-gap-default\">\n\t\t\t\t\t<div class=\"elementor-column elementor-col-100 elementor-top-column elementor-element elementor-element-04ead43\" data-id=\"04ead43\" data-element_type=\"column\">\n\t\t\t<div class=\"elementor-widget-wrap elementor-element-populated\">\n\t\t\t\t\t\t\t\t<div class=\"elementor-element elementor-element-969201f elementor-widget elementor-widget-button\" data-id=\"969201f\" data-element_type=\"widget\" data-widget_type=\"button.default\">\n\t\t\t\t<div class=\"elementor-widget-container\">\n\t\t\t\t\t<div class=\"elementor-button-wrapper\">\n\t\t\t<a href=\"https:\/\/www.transcrya.com\/index.php\/mes-documents-a-transcrire-demo\/\" class=\"elementor-button-link elementor-button elementor-size-sm\" role=\"button\">\n\t\t\t\t\t\t<span class=\"elementor-button-content-wrapper\">\n\t\t\t\t\t\t<span class=\"elementor-button-text\">Commencer<\/span>\n\t\t<\/span>\n\t\t\t\t\t<\/a>\n\t\t<\/div>\n\t\t\t\t<\/div>\n\t\t\t\t<\/div>\n\t\t\t\t\t<\/div>\n\t\t<\/div>\n\t\t\t\t\t\t\t<\/div>\n\t\t<\/section>\n\t\t\t\t<section class=\"elementor-section elementor-top-section elementor-element elementor-element-10ea476 elementor-section-boxed elementor-section-height-default elementor-section-height-default\" data-id=\"10ea476\" data-element_type=\"section\" data-settings=\"{&quot;_ha_eqh_enable&quot;:false}\">\n\t\t\t\t\t\t\t<div class=\"elementor-background-overlay\"><\/div>\n\t\t\t\t\t\t\t<div class=\"elementor-container elementor-column-gap-default\">\n\t\t\t\t\t<div class=\"elementor-column elementor-col-100 elementor-top-column elementor-element elementor-element-0876b4e\" data-id=\"0876b4e\" data-element_type=\"column\" data-settings=\"{&quot;background_background&quot;:&quot;classic&quot;}\">\n\t\t\t<div class=\"elementor-widget-wrap elementor-element-populated\">\n\t\t\t\t\t\t\t\t<div class=\"elementor-element elementor-element-e24fa3f elementor-widget elementor-widget-heading\" data-id=\"e24fa3f\" data-element_type=\"widget\" data-widget_type=\"heading.default\">\n\t\t\t\t<div class=\"elementor-widget-container\">\n\t\t\t<h1 class=\"elementor-heading-title elementor-size-default\"><b><font color=\"blue\">Vous \u00eates ici en mode Essai <\/font><\/b><\/h1>\t\t<\/div>\n\t\t\t\t<\/div>\n\t\t\t\t\t<\/div>\n\t\t<\/div>\n\t\t\t\t\t\t\t<\/div>\n\t\t<\/section>\n\t\t\t\t<section class=\"elementor-section elementor-top-section elementor-element elementor-element-c7fec86 elementor-section-boxed elementor-section-height-default elementor-section-height-default\" data-id=\"c7fec86\" data-element_type=\"section\" data-settings=\"{&quot;_ha_eqh_enable&quot;:false}\">\n\t\t\t\t\t\t<div class=\"elementor-container elementor-column-gap-default\">\n\t\t\t\t\t<div class=\"elementor-column elementor-col-33 elementor-top-column elementor-element elementor-element-83f6775\" data-id=\"83f6775\" data-element_type=\"column\">\n\t\t\t<div class=\"elementor-widget-wrap\">\n\t\t\t\t\t\t\t\t\t<\/div>\n\t\t<\/div>\n\t\t\t\t<div class=\"elementor-column elementor-col-33 elementor-top-column elementor-element elementor-element-1aec90b\" data-id=\"1aec90b\" data-element_type=\"column\">\n\t\t\t<div class=\"elementor-widget-wrap elementor-element-populated\">\n\t\t\t\t\t\t\t\t<div class=\"elementor-element elementor-element-1917df3 elementor-widget elementor-widget-text-editor\" data-id=\"1917df3\" data-element_type=\"widget\" data-widget_type=\"text-editor.default\">\n\t\t\t\t<div class=\"elementor-widget-container\">\n\t\t\t\t\t\t\t<p>Etape 2 : En cours<\/p>\t\t\t\t\t\t<\/div>\n\t\t\t\t<\/div>\n\t\t\t\t<div class=\"elementor-element elementor-element-c3a9a6b elementor-widget elementor-widget-text-editor\" data-id=\"c3a9a6b\" data-element_type=\"widget\" data-widget_type=\"text-editor.default\">\n\t\t\t\t<div class=\"elementor-widget-container\">\n\t\t\t\t\t\t\t<div dir=\"auto\">Pendant cette phase, vous acc\u00e9dez aux :<br \/>&#8211;\u00a0<span style=\"color: #594eda;\">sous-titrages et transcriptions automatiques encore en cours de traitement<\/span> par notre IA (&#8220;<strong>En cours de traitement<\/strong>&#8220;)\u00a0<br \/>&#8211;\u00a0<span style=\"color: #594eda;\">sous-titrages et transcriptions automatiques g\u00e9n\u00e9r\u00e9s, que vous devez corriger<\/span>\u00a0pour assurer leur pr\u00e9cision (&#8220;<strong>A valider<\/strong>&#8220;).<\/div>\t\t\t\t\t\t<\/div>\n\t\t\t\t<\/div>\n\t\t\t\t\t<\/div>\n\t\t<\/div>\n\t\t\t\t<div class=\"elementor-column elementor-col-33 elementor-top-column elementor-element elementor-element-2f4d31c\" data-id=\"2f4d31c\" data-element_type=\"column\">\n\t\t\t<div class=\"elementor-widget-wrap elementor-element-populated\">\n\t\t\t\t\t\t\t\t<div class=\"elementor-element elementor-element-7c4ce11 elementor-widget elementor-widget-button\" data-id=\"7c4ce11\" data-element_type=\"widget\" data-widget_type=\"button.default\">\n\t\t\t\t<div class=\"elementor-widget-container\">\n\t\t\t\t\t<div class=\"elementor-button-wrapper\">\n\t\t\t<a href=\"https:\/\/www.transcrya.com\/index.php\/mes-documents-a-transcrire-demo\/\" class=\"elementor-button-link elementor-button elementor-size-sm\" role=\"button\">\n\t\t\t\t\t\t<span class=\"elementor-button-content-wrapper\">\n\t\t\t\t\t\t<span class=\"elementor-button-text\">Commencer<\/span>\n\t\t<\/span>\n\t\t\t\t\t<\/a>\n\t\t<\/div>\n\t\t\t\t<\/div>\n\t\t\t\t<\/div>\n\t\t\t\t\t<\/div>\n\t\t<\/div>\n\t\t\t\t\t\t\t<\/div>\n\t\t<\/section>\n\t\t\t\t<section class=\"elementor-section elementor-top-section elementor-element elementor-element-8565993 elementor-section-boxed elementor-section-height-default elementor-section-height-default\" data-id=\"8565993\" data-element_type=\"section\" data-settings=\"{&quot;_ha_eqh_enable&quot;:false}\">\n\t\t\t\t\t\t<div class=\"elementor-container elementor-column-gap-default\">\n\t\t\t\t\t<div class=\"elementor-column elementor-col-50 elementor-top-column elementor-element elementor-element-93b7ab3\" data-id=\"93b7ab3\" data-element_type=\"column\">\n\t\t\t<div class=\"elementor-widget-wrap\">\n\t\t\t\t\t\t\t\t\t<\/div>\n\t\t<\/div>\n\t\t\t\t<div class=\"elementor-column elementor-col-50 elementor-top-column elementor-element elementor-element-e042c7e\" data-id=\"e042c7e\" data-element_type=\"column\">\n\t\t\t<div class=\"elementor-widget-wrap elementor-element-populated\">\n\t\t\t\t\t\t\t\t<div class=\"elementor-element elementor-element-915178e elementor-widget elementor-widget-text-editor\" data-id=\"915178e\" data-element_type=\"widget\" data-widget_type=\"text-editor.default\">\n\t\t\t\t<div class=\"elementor-widget-container\">\n\t\t\t\t\t\t\t<p>Etape 3 : Exportation<\/p>\t\t\t\t\t\t<\/div>\n\t\t\t\t<\/div>\n\t\t\t\t<div class=\"elementor-element elementor-element-0bd6caf elementor-widget elementor-widget-text-editor\" data-id=\"0bd6caf\" data-element_type=\"widget\" data-widget_type=\"text-editor.default\">\n\t\t\t\t<div class=\"elementor-widget-container\">\n\t\t\t\t\t\t\t<div dir=\"auto\">Une fois les modifications effectu\u00e9es, vous pouvez <span style=\"color: #594eda;\">exporter les sous-titres ou transcriptions finalis\u00e9s<\/span>. Ces documents sont pr\u00eats \u00e0 \u00eatre utilis\u00e9s pour la diffusion, garantissant ainsi que le contenu est accessible et compr\u00e9hensible pour tous les publics.<\/div>\t\t\t\t\t\t<\/div>\n\t\t\t\t<\/div>\n\t\t\t\t\t<\/div>\n\t\t<\/div>\n\t\t\t\t\t\t\t<\/div>\n\t\t<\/section>\n\t\t\t\t<section class=\"elementor-section elementor-top-section elementor-element elementor-element-175c7c77 elementor-section-boxed elementor-section-height-default elementor-section-height-default\" data-id=\"175c7c77\" data-element_type=\"section\" data-settings=\"{&quot;_ha_eqh_enable&quot;:false}\">\n\t\t\t\t\t\t<div class=\"elementor-container elementor-column-gap-default\">\n\t\t\t\t\t\t\t\t<\/div>\n\t\t<\/section>\n\t\t\t\t<section class=\"elementor-section elementor-top-section elementor-element elementor-element-6d0be328 elementor-section-boxed elementor-section-height-default elementor-section-height-default\" data-id=\"6d0be328\" data-element_type=\"section\" data-settings=\"{&quot;_ha_eqh_enable&quot;:false}\">\n\t\t\t\t\t\t<div class=\"elementor-container elementor-column-gap-default\">\n\t\t\t\t\t\t\t\t<\/div>\n\t\t<\/section>\n\t\t\t\t<section class=\"elementor-section elementor-top-section elementor-element elementor-element-20b590b2 elementor-section-boxed elementor-section-height-default elementor-section-height-default\" data-id=\"20b590b2\" data-element_type=\"section\" data-settings=\"{&quot;_ha_eqh_enable&quot;:false}\">\n\t\t\t\t\t\t<div class=\"elementor-container elementor-column-gap-default\">\n\t\t\t\t\t\t\t\t<\/div>\n\t\t<\/section>\n\t\t\t\t<section class=\"elementor-section elementor-top-section elementor-element elementor-element-31fcb8f7 elementor-section-boxed elementor-section-height-default elementor-section-height-default\" data-id=\"31fcb8f7\" data-element_type=\"section\" data-settings=\"{&quot;_ha_eqh_enable&quot;:false}\">\n\t\t\t\t\t\t<div class=\"elementor-container elementor-column-gap-default\">\n\t\t\t\t\t\t\t\t<\/div>\n\t\t<\/section>\n\t\t\t\t<section class=\"elementor-section elementor-top-section elementor-element elementor-element-4c783f21 elementor-section-boxed elementor-section-height-default elementor-section-height-default\" data-id=\"4c783f21\" data-element_type=\"section\" data-settings=\"{&quot;background_background&quot;:&quot;classic&quot;,&quot;_ha_eqh_enable&quot;:false}\">\n\t\t\t\t\t\t<div class=\"elementor-container elementor-column-gap-default\">\n\t\t\t\t\t\t\t\t<\/div>\n\t\t<\/section>\n\t\t\t\t<section class=\"elementor-section elementor-top-section elementor-element elementor-element-5adab78a elementor-section-boxed elementor-section-height-default elementor-section-height-default\" data-id=\"5adab78a\" data-element_type=\"section\" data-settings=\"{&quot;_ha_eqh_enable&quot;:false}\">\n\t\t\t\t\t\t<div class=\"elementor-container elementor-column-gap-default\">\n\t\t\t\t\t\t\t\t<\/div>\n\t\t<\/section>\n\t\t\t\t\t\t<\/div>\n\t\t\t\t\t<\/div>","protected":false},"excerpt":{"rendered":"<p>Sur la gauche de votre \u00e9cran, vous trouverez par la suite 3 onglets verticaux pour naviguer facilement entre les diff\u00e9rentes sections de notre service. 1 Commandez la g\u00e9n\u00e9ration automatique de sous-titres ou la transcription compl\u00e8te de vos vid\u00e9os. 2 Suivez l&#8217;avancement de vos projets de sous-titres et de transcription vid\u00e9o, puis v\u00e9rifiez les fichiers finalis\u00e9s. [&hellip;]<\/p>","protected":false},"author":1,"featured_media":0,"parent":0,"menu_order":0,"comment_status":"closed","ping_status":"closed","template":"","meta":{"footnotes":""},"class_list":["post-8745","page","type-page","status-publish","hentry","entry","owp-thumbs-layout-horizontal","owp-btn-normal","owp-tabs-layout-horizontal","has-no-thumbnails"],"_links":{"self":[{"href":"https:\/\/www.transcrya.com\/index.php?rest_route=\/wp\/v2\/pages\/8745","targetHints":{"allow":["GET"]}}],"collection":[{"href":"https:\/\/www.transcrya.com\/index.php?rest_route=\/wp\/v2\/pages"}],"about":[{"href":"https:\/\/www.transcrya.com\/index.php?rest_route=\/wp\/v2\/types\/page"}],"author":[{"embeddable":true,"href":"https:\/\/www.transcrya.com\/index.php?rest_route=\/wp\/v2\/users\/1"}],"replies":[{"embeddable":true,"href":"https:\/\/www.transcrya.com\/index.php?rest_route=%2Fwp%2Fv2%2Fcomments&post=8745"}],"version-history":[{"count":300,"href":"https:\/\/www.transcrya.com\/index.php?rest_route=\/wp\/v2\/pages\/8745\/revisions"}],"predecessor-version":[{"id":18244,"href":"https:\/\/www.transcrya.com\/index.php?rest_route=\/wp\/v2\/pages\/8745\/revisions\/18244"}],"wp:attachment":[{"href":"https:\/\/www.transcrya.com\/index.php?rest_route=%2Fwp%2Fv2%2Fmedia&parent=8745"}],"curies":[{"name":"wp","href":"https:\/\/api.w.org\/{rel}","templated":true}]}}