






{"id":8249,"date":"2022-04-22T11:55:41","date_gmt":"2022-04-22T09:55:41","guid":{"rendered":"https:\/\/www.transcrya.com\/?page_id=8249"},"modified":"2024-02-06T23:44:35","modified_gmt":"2024-02-06T22:44:35","slug":"recharge","status":"publish","type":"page","link":"https:\/\/www.transcrya.com\/?page_id=8249","title":{"rendered":"Recharge"},"content":{"rendered":"<div data-elementor-type=\"wp-page\" data-elementor-id=\"8249\" class=\"elementor elementor-8249\" data-elementor-settings=\"[]\">\n\t\t\t\t\t\t\t<div class=\"elementor-section-wrap\">\n\t\t\t\t\t\t\t<section class=\"elementor-section elementor-top-section elementor-element elementor-element-b9597b6 elementor-section-boxed elementor-section-height-default elementor-section-height-default\" data-id=\"b9597b6\" data-element_type=\"section\" data-settings=\"{&quot;_ha_eqh_enable&quot;:false}\">\n\t\t\t\t\t\t<div class=\"elementor-container elementor-column-gap-default\">\n\t\t\t\t\t<div class=\"elementor-column elementor-col-100 elementor-top-column elementor-element elementor-element-4f3b3f9\" data-id=\"4f3b3f9\" data-element_type=\"column\">\n\t\t\t<div class=\"elementor-widget-wrap\">\n\t\t\t\t\t\t\t\t\t<\/div>\n\t\t<\/div>\n\t\t\t\t\t\t\t<\/div>\n\t\t<\/section>\n\t\t\t\t<section class=\"elementor-section elementor-top-section elementor-element elementor-element-0cd82cd elementor-section-boxed elementor-section-height-default elementor-section-height-default\" data-id=\"0cd82cd\" data-element_type=\"section\" data-settings=\"{&quot;_ha_eqh_enable&quot;:false}\">\n\t\t\t\t\t\t<div class=\"elementor-container elementor-column-gap-default\">\n\t\t\t\t\t<div class=\"elementor-column elementor-col-100 elementor-top-column elementor-element elementor-element-963a797\" data-id=\"963a797\" data-element_type=\"column\">\n\t\t\t<div class=\"elementor-widget-wrap elementor-element-populated\">\n\t\t\t\t\t\t\t\t<div class=\"elementor-element elementor-element-366d0c1 elementor-invisible elementor-widget elementor-widget-woo-products-widgets-products\" data-id=\"366d0c1\" data-element_type=\"widget\" data-settings=\"{&quot;_animation&quot;:&quot;rotateInDownLeft&quot;}\" data-widget_type=\"woo-products-widgets-products.default\">\n\t\t\t\t<div class=\"elementor-widget-container\">\n\t\t\t<div class=\"elementor-woo-products-widgets-products woo-products-widgets\"><div class=\"woo-products-carousel elementor-slick-slider\" data-slider_options=\"{&quot;slidesToShow&quot;:{&quot;desktop&quot;:6,&quot;tablet&quot;:0,&quot;mobile&quot;:0},&quot;autoplaySpeed&quot;:5000,&quot;autoplay&quot;:true,&quot;infinite&quot;:false,&quot;pauseOnHover&quot;:false,&quot;speed&quot;:500,&quot;arrows&quot;:true,&quot;dots&quot;:true,&quot;slidesToScroll&quot;:1,&quot;prevArrow&quot;:&quot;&lt;i class=\\&quot;fa fa-chevron-circle-left prev-arrow woo-products-arrow\\&quot;&gt;&lt;\\\/i&gt;&quot;,&quot;nextArrow&quot;:&quot;&lt;i class=\\&quot;fa fa-chevron-circle-right next-arrow woo-products-arrow\\&quot;&gt;&lt;\\\/i&gt;&quot;}\" dir=\"ltr\">\n<div class=\"woo-products-products woo-products-products--preset-1 col-row  woo-products-equal-cols\"><div class=\"woo-products-products__item col-desk-6\">\n\t<div class=\"woo-products-products__inner-box\">\n<div class=\"woo-products-product-thumbnail\">\n\t<a href=\"https:\/\/www.transcrya.com\/?product=5-euros\" rel=\"bookmark\"><img decoding=\"async\" width=\"300\" height=\"300\" src=\"https:\/\/www.transcrya.com\/wp-content\/uploads\/2022\/04\/ecard-1-300x300.png\" class=\"attachment-woocommerce_thumbnail size-woocommerce_thumbnail\" alt=\"\" srcset=\"https:\/\/www.transcrya.com\/wp-content\/uploads\/2022\/04\/ecard-1-300x300.png 300w, https:\/\/www.transcrya.com\/wp-content\/uploads\/2022\/04\/ecard-1-150x150.png 150w, https:\/\/www.transcrya.com\/wp-content\/uploads\/2022\/04\/ecard-1-100x100.png 100w\" sizes=\"(max-width: 300px) 100vw, 300px\" \/><\/a>\n\t<div class=\"woo-products-product-img-overlay\"><\/div><\/div>\n<div class=\"woo-products-product-title\"><a href=\"https:\/\/www.transcrya.com\/?product=5-euros\" rel=\"bookmark\">5 euros<\/a><\/div>\n\n<div class=\"woo-products-product-excerpt\"><\/div>\n<div class=\"woo-products-product-button\"><a href=\"?add-to-cart=8254\" data-quantity=\"1\" class=\"button product_type_simple add_to_cart_button ajax_add_to_cart\" data-product_id=\"8254\" data-product_sku=\"\" aria-label=\"Ajouter &ldquo;5 euros&rdquo; \u00e0 votre panier\" rel=\"nofollow\">Ajouter au panier<\/a><\/div><\/div>\n<\/div><div class=\"woo-products-products__item col-desk-6\">\n\t<div class=\"woo-products-products__inner-box\">\n<div class=\"woo-products-product-thumbnail\">\n\t<a href=\"https:\/\/www.transcrya.com\/?product=10-euros\" rel=\"bookmark\"><img decoding=\"async\" width=\"300\" height=\"300\" src=\"https:\/\/www.transcrya.com\/wp-content\/uploads\/2022\/04\/ecard-1-300x300.png\" class=\"attachment-woocommerce_thumbnail size-woocommerce_thumbnail\" alt=\"\" srcset=\"https:\/\/www.transcrya.com\/wp-content\/uploads\/2022\/04\/ecard-1-300x300.png 300w, https:\/\/www.transcrya.com\/wp-content\/uploads\/2022\/04\/ecard-1-150x150.png 150w, https:\/\/www.transcrya.com\/wp-content\/uploads\/2022\/04\/ecard-1-100x100.png 100w\" sizes=\"(max-width: 300px) 100vw, 300px\" \/><\/a>\n\t<div class=\"woo-products-product-img-overlay\"><\/div><\/div>\n<div class=\"woo-products-product-title\"><a href=\"https:\/\/www.transcrya.com\/?product=10-euros\" rel=\"bookmark\">10 euros<\/a><\/div>\n\n<div class=\"woo-products-product-excerpt\"><\/div>\n<div class=\"woo-products-product-button\"><a href=\"?add-to-cart=8251\" data-quantity=\"1\" class=\"button product_type_simple add_to_cart_button ajax_add_to_cart\" data-product_id=\"8251\" data-product_sku=\"\" aria-label=\"Ajouter &ldquo;10 euros&rdquo; \u00e0 votre panier\" rel=\"nofollow\">Ajouter au panier<\/a><\/div><\/div>\n<\/div><div class=\"woo-products-products__item col-desk-6\">\n\t<div class=\"woo-products-products__inner-box\">\n<div class=\"woo-products-product-thumbnail\">\n\t<a href=\"https:\/\/www.transcrya.com\/?product=20-euros\" rel=\"bookmark\"><img decoding=\"async\" width=\"300\" height=\"300\" src=\"https:\/\/www.transcrya.com\/wp-content\/uploads\/2022\/04\/ecard-1-300x300.png\" class=\"attachment-woocommerce_thumbnail size-woocommerce_thumbnail\" alt=\"\" srcset=\"https:\/\/www.transcrya.com\/wp-content\/uploads\/2022\/04\/ecard-1-300x300.png 300w, https:\/\/www.transcrya.com\/wp-content\/uploads\/2022\/04\/ecard-1-150x150.png 150w, https:\/\/www.transcrya.com\/wp-content\/uploads\/2022\/04\/ecard-1-100x100.png 100w\" sizes=\"(max-width: 300px) 100vw, 300px\" \/><\/a>\n\t<div class=\"woo-products-product-img-overlay\"><\/div><\/div>\n<div class=\"woo-products-product-title\"><a href=\"https:\/\/www.transcrya.com\/?product=20-euros\" rel=\"bookmark\">20 euros<\/a><\/div>\n\n<div class=\"woo-products-product-excerpt\"><\/div>\n<div class=\"woo-products-product-button\"><a href=\"?add-to-cart=8253\" data-quantity=\"1\" class=\"button product_type_simple add_to_cart_button ajax_add_to_cart\" data-product_id=\"8253\" data-product_sku=\"\" aria-label=\"Ajouter &ldquo;20 euros&rdquo; \u00e0 votre panier\" rel=\"nofollow\">Ajouter au panier<\/a><\/div><\/div>\n<\/div><div class=\"woo-products-products__item col-desk-6\">\n\t<div class=\"woo-products-products__inner-box\">\n<div class=\"woo-products-product-thumbnail\">\n\t<a href=\"https:\/\/www.transcrya.com\/?product=50-euros\" rel=\"bookmark\"><img decoding=\"async\" width=\"300\" height=\"300\" src=\"https:\/\/www.transcrya.com\/wp-content\/uploads\/2022\/04\/ecard-1-300x300.png\" class=\"attachment-woocommerce_thumbnail size-woocommerce_thumbnail\" alt=\"\" srcset=\"https:\/\/www.transcrya.com\/wp-content\/uploads\/2022\/04\/ecard-1-300x300.png 300w, https:\/\/www.transcrya.com\/wp-content\/uploads\/2022\/04\/ecard-1-150x150.png 150w, https:\/\/www.transcrya.com\/wp-content\/uploads\/2022\/04\/ecard-1-100x100.png 100w\" sizes=\"(max-width: 300px) 100vw, 300px\" \/><\/a>\n\t<div class=\"woo-products-product-img-overlay\"><\/div><\/div>\n<div class=\"woo-products-product-title\"><a href=\"https:\/\/www.transcrya.com\/?product=50-euros\" rel=\"bookmark\">50 euros<\/a><\/div>\n\n<div class=\"woo-products-product-excerpt\"><\/div>\n<div class=\"woo-products-product-button\"><a href=\"?add-to-cart=8255\" data-quantity=\"1\" class=\"button product_type_simple add_to_cart_button ajax_add_to_cart\" data-product_id=\"8255\" data-product_sku=\"\" aria-label=\"Ajouter &ldquo;50 euros&rdquo; \u00e0 votre panier\" rel=\"nofollow\">Ajouter au panier<\/a><\/div><\/div>\n<\/div><div class=\"woo-products-products__item col-desk-6\">\n\t<div class=\"woo-products-products__inner-box\">\n<div class=\"woo-products-product-thumbnail\">\n\t<a href=\"https:\/\/www.transcrya.com\/?product=100-euros\" rel=\"bookmark\"><img decoding=\"async\" width=\"300\" height=\"300\" src=\"https:\/\/www.transcrya.com\/wp-content\/uploads\/2022\/04\/ecard-1-300x300.png\" class=\"attachment-woocommerce_thumbnail size-woocommerce_thumbnail\" alt=\"\" srcset=\"https:\/\/www.transcrya.com\/wp-content\/uploads\/2022\/04\/ecard-1-300x300.png 300w, https:\/\/www.transcrya.com\/wp-content\/uploads\/2022\/04\/ecard-1-150x150.png 150w, https:\/\/www.transcrya.com\/wp-content\/uploads\/2022\/04\/ecard-1-100x100.png 100w\" sizes=\"(max-width: 300px) 100vw, 300px\" \/><\/a>\n\t<div class=\"woo-products-product-img-overlay\"><\/div><\/div>\n<div class=\"woo-products-product-title\"><a href=\"https:\/\/www.transcrya.com\/?product=100-euros\" rel=\"bookmark\">100 euros<\/a><\/div>\n\n<div class=\"woo-products-product-excerpt\"><\/div>\n<div class=\"woo-products-product-button\"><a href=\"?add-to-cart=8256\" data-quantity=\"1\" class=\"button product_type_simple add_to_cart_button ajax_add_to_cart\" data-product_id=\"8256\" data-product_sku=\"\" aria-label=\"Ajouter &ldquo;100 euros&rdquo; \u00e0 votre panier\" rel=\"nofollow\">Ajouter au panier<\/a><\/div><\/div>\n<\/div><div class=\"woo-products-products__item col-desk-6\">\n\t<div class=\"woo-products-products__inner-box\">\n<div class=\"woo-products-product-thumbnail\">\n\t<a href=\"https:\/\/www.transcrya.com\/?product=200-euros\" rel=\"bookmark\"><img decoding=\"async\" width=\"300\" height=\"300\" src=\"https:\/\/www.transcrya.com\/wp-content\/uploads\/2022\/04\/ecard-1-300x300.png\" class=\"attachment-woocommerce_thumbnail size-woocommerce_thumbnail\" alt=\"\" srcset=\"https:\/\/www.transcrya.com\/wp-content\/uploads\/2022\/04\/ecard-1-300x300.png 300w, https:\/\/www.transcrya.com\/wp-content\/uploads\/2022\/04\/ecard-1-150x150.png 150w, https:\/\/www.transcrya.com\/wp-content\/uploads\/2022\/04\/ecard-1-100x100.png 100w\" sizes=\"(max-width: 300px) 100vw, 300px\" \/><\/a>\n\t<div class=\"woo-products-product-img-overlay\"><\/div><\/div>\n<div class=\"woo-products-product-title\"><a href=\"https:\/\/www.transcrya.com\/?product=200-euros\" rel=\"bookmark\">200 euros<\/a><\/div>\n\n<div class=\"woo-products-product-excerpt\"><\/div>\n<div class=\"woo-products-product-button\"><a href=\"?add-to-cart=8257\" data-quantity=\"1\" class=\"button product_type_simple add_to_cart_button ajax_add_to_cart\" data-product_id=\"8257\" data-product_sku=\"\" aria-label=\"Ajouter &ldquo;200 euros&rdquo; \u00e0 votre panier\" rel=\"nofollow\">Ajouter au panier<\/a><\/div><\/div>\n<\/div><div class=\"woo-products-products__item col-desk-6\">\n\t<div class=\"woo-products-products__inner-box\">\n<div class=\"woo-products-product-thumbnail\">\n\t<a href=\"https:\/\/www.transcrya.com\/?product=500-euros\" rel=\"bookmark\"><img decoding=\"async\" width=\"300\" height=\"300\" src=\"https:\/\/www.transcrya.com\/wp-content\/uploads\/2022\/04\/ecard-1-300x300.png\" class=\"attachment-woocommerce_thumbnail size-woocommerce_thumbnail\" alt=\"\" srcset=\"https:\/\/www.transcrya.com\/wp-content\/uploads\/2022\/04\/ecard-1-300x300.png 300w, https:\/\/www.transcrya.com\/wp-content\/uploads\/2022\/04\/ecard-1-150x150.png 150w, https:\/\/www.transcrya.com\/wp-content\/uploads\/2022\/04\/ecard-1-100x100.png 100w\" sizes=\"(max-width: 300px) 100vw, 300px\" \/><\/a>\n\t<div class=\"woo-products-product-img-overlay\"><\/div><\/div>\n<div class=\"woo-products-product-title\"><a href=\"https:\/\/www.transcrya.com\/?product=500-euros\" rel=\"bookmark\">500 euros<\/a><\/div>\n\n<div class=\"woo-products-product-excerpt\"><\/div>\n<div class=\"woo-products-product-button\"><a href=\"?add-to-cart=8258\" data-quantity=\"1\" class=\"button product_type_simple add_to_cart_button ajax_add_to_cart\" data-product_id=\"8258\" data-product_sku=\"\" aria-label=\"Ajouter &ldquo;500 euros&rdquo; \u00e0 votre panier\" rel=\"nofollow\">Ajouter au panier<\/a><\/div><\/div>\n<\/div><\/div>\n<\/div><\/div>\t\t<\/div>\n\t\t\t\t<\/div>\n\t\t\t\t<div class=\"elementor-element elementor-element-0f157c7 elementor-widget elementor-widget-spacer\" data-id=\"0f157c7\" data-element_type=\"widget\" data-widget_type=\"spacer.default\">\n\t\t\t\t<div class=\"elementor-widget-container\">\n\t\t\t\t\t<div class=\"elementor-spacer\">\n\t\t\t<div class=\"elementor-spacer-inner\"><\/div>\n\t\t<\/div>\n\t\t\t\t<\/div>\n\t\t\t\t<\/div>\n\t\t\t\t\t<\/div>\n\t\t<\/div>\n\t\t\t\t\t\t\t<\/div>\n\t\t<\/section>\n\t\t\t\t<section class=\"elementor-section elementor-top-section elementor-element elementor-element-50a41e6 elementor-section-boxed elementor-section-height-default elementor-section-height-default\" data-id=\"50a41e6\" data-element_type=\"section\" data-settings=\"{&quot;_ha_eqh_enable&quot;:false}\">\n\t\t\t\t\t\t<div class=\"elementor-container elementor-column-gap-default\">\n\t\t\t\t\t<div class=\"elementor-column elementor-col-100 elementor-top-column elementor-element elementor-element-730b304\" data-id=\"730b304\" data-element_type=\"column\">\n\t\t\t<div class=\"elementor-widget-wrap\">\n\t\t\t\t\t\t\t\t\t<\/div>\n\t\t<\/div>\n\t\t\t\t\t\t\t<\/div>\n\t\t<\/section>\n\t\t\t\t<section class=\"elementor-section elementor-top-section elementor-element elementor-element-69864a9 elementor-section-boxed elementor-section-height-default elementor-section-height-default\" data-id=\"69864a9\" data-element_type=\"section\" data-settings=\"{&quot;_ha_eqh_enable&quot;:false}\">\n\t\t\t\t\t\t<div class=\"elementor-container elementor-column-gap-default\">\n\t\t\t\t\t<div class=\"elementor-column elementor-col-100 elementor-top-column elementor-element elementor-element-da491f8\" data-id=\"da491f8\" data-element_type=\"column\">\n\t\t\t<div class=\"elementor-widget-wrap elementor-element-populated\">\n\t\t\t\t\t\t\t\t<div class=\"elementor-element elementor-element-382d45d elementor-widget elementor-widget-text-editor\" data-id=\"382d45d\" data-element_type=\"widget\" data-widget_type=\"text-editor.default\">\n\t\t\t\t<div class=\"elementor-widget-container\">\n\t\t\tLe fichier \/uploads\/somefile.txt a \u00e9t\u00e9 charg\u00e9 avec succ\u00e8s dans le bucket bucketservicestranscriptionupload\n\t\t\t\t\t\t\t\t\t\t<\/div>\n\t\t\t\t<\/div>\n\t\t\t\t\t<\/div>\n\t\t<\/div>\n\t\t\t\t\t\t\t<\/div>\n\t\t<\/section>\n\t\t\t\t\t\t<\/div>\n\t\t\t\t\t<\/div>","protected":false},"excerpt":{"rendered":"<p>5 euros Ajouter au panier 10 euros Ajouter au panier 20 euros Ajouter au panier 50 euros Ajouter au panier 100 euros Ajouter au panier 200 euros Ajouter au panier 500 euros Ajouter au panier<\/p>","protected":false},"author":1,"featured_media":0,"parent":0,"menu_order":0,"comment_status":"closed","ping_status":"closed","template":"","meta":{"footnotes":""},"class_list":["post-8249","page","type-page","status-publish","hentry","entry","has-media","owp-thumbs-layout-horizontal","owp-btn-normal","owp-tabs-layout-horizontal","has-no-thumbnails"],"_links":{"self":[{"href":"https:\/\/www.transcrya.com\/index.php?rest_route=\/wp\/v2\/pages\/8249","targetHints":{"allow":["GET"]}}],"collection":[{"href":"https:\/\/www.transcrya.com\/index.php?rest_route=\/wp\/v2\/pages"}],"about":[{"href":"https:\/\/www.transcrya.com\/index.php?rest_route=\/wp\/v2\/types\/page"}],"author":[{"embeddable":true,"href":"https:\/\/www.transcrya.com\/index.php?rest_route=\/wp\/v2\/users\/1"}],"replies":[{"embeddable":true,"href":"https:\/\/www.transcrya.com\/index.php?rest_route=%2Fwp%2Fv2%2Fcomments&post=8249"}],"version-history":[{"count":3,"href":"https:\/\/www.transcrya.com\/index.php?rest_route=\/wp\/v2\/pages\/8249\/revisions"}],"predecessor-version":[{"id":14210,"href":"https:\/\/www.transcrya.com\/index.php?rest_route=\/wp\/v2\/pages\/8249\/revisions\/14210"}],"wp:attachment":[{"href":"https:\/\/www.transcrya.com\/index.php?rest_route=%2Fwp%2Fv2%2Fmedia&parent=8249"}],"curies":[{"name":"wp","href":"https:\/\/api.w.org\/{rel}","templated":true}]}}