






{"id":3486,"date":"2021-11-05T23:04:01","date_gmt":"2021-11-05T22:04:01","guid":{"rendered":"https:\/\/www.transcrya.com\/?page_id=3486"},"modified":"2025-01-23T23:29:12","modified_gmt":"2025-01-23T22:29:12","slug":"mes-enregistrements-video-transcrits","status":"publish","type":"page","link":"https:\/\/www.transcrya.com\/?page_id=3486","title":{"rendered":"Mes Enregistrements Vid\u00e9o Transcrits"},"content":{"rendered":"<div data-elementor-type=\"wp-page\" data-elementor-id=\"3486\" class=\"elementor elementor-3486\" data-elementor-settings=\"[]\">\n\t\t\t\t\t\t\t<div class=\"elementor-section-wrap\">\n\t\t\t\t\t\t\t<section class=\"elementor-section elementor-top-section elementor-element elementor-element-454ae8f elementor-section-boxed elementor-section-height-default elementor-section-height-default\" data-id=\"454ae8f\" data-element_type=\"section\" data-settings=\"{&quot;_ha_eqh_enable&quot;:false}\">\n\t\t\t\t\t\t<div class=\"elementor-container elementor-column-gap-default\">\n\t\t\t\t\t<div class=\"elementor-column elementor-col-100 elementor-top-column elementor-element elementor-element-e7e93a2\" data-id=\"e7e93a2\" data-element_type=\"column\">\n\t\t\t<div class=\"elementor-widget-wrap elementor-element-populated\">\n\t\t\t\t\t\t\t\t<div class=\"elementor-element elementor-element-ac31961 elementor-widget elementor-widget-heading\" data-id=\"ac31961\" data-element_type=\"widget\" data-widget_type=\"heading.default\">\n\t\t\t\t<div class=\"elementor-widget-container\">\n\t\t\t<h1 class=\"elementor-heading-title elementor-size-default\">Liste de tous mes transcriptions de vid\u00e9o t\u00e9l\u00e9chargeables :<\/h1>\t\t<\/div>\n\t\t\t\t<\/div>\n\t\t\t\t\t<\/div>\n\t\t<\/div>\n\t\t\t\t\t\t\t<\/div>\n\t\t<\/section>\n\t\t\t\t<section class=\"elementor-section elementor-top-section elementor-element elementor-element-70e9484 elementor-section-boxed elementor-section-height-default elementor-section-height-default\" data-id=\"70e9484\" data-element_type=\"section\" data-settings=\"{&quot;_ha_eqh_enable&quot;:false}\">\n\t\t\t\t\t\t<div class=\"elementor-container elementor-column-gap-default\">\n\t\t\t\t\t<div class=\"elementor-column elementor-col-50 elementor-top-column elementor-element elementor-element-1d5d172\" data-id=\"1d5d172\" data-element_type=\"column\">\n\t\t\t<div class=\"elementor-widget-wrap elementor-element-populated\">\n\t\t\t\t\t\t\t\t<div class=\"elementor-element elementor-element-28a66a8 elementor-widget-divider--view-line elementor-widget elementor-widget-divider\" data-id=\"28a66a8\" data-element_type=\"widget\" data-widget_type=\"divider.default\">\n\t\t\t\t<div class=\"elementor-widget-container\">\n\t\t\t\t\t<div class=\"elementor-divider\">\n\t\t\t<span class=\"elementor-divider-separator\">\n\t\t\t\t\t\t<\/span>\n\t\t<\/div>\n\t\t\t\t<\/div>\n\t\t\t\t<\/div>\n\t\t\t\t<div class=\"elementor-element elementor-element-6045344 elementor-widget elementor-widget-text-editor\" data-id=\"6045344\" data-element_type=\"widget\" data-widget_type=\"text-editor.default\">\n\t\t\t\t<div class=\"elementor-widget-container\">\n\t\t\t\t\t\t\t<p>Aucun fichier trouv\u00e9.<\/p>\t\t\t\t\t\t<\/div>\n\t\t\t\t<\/div>\n\t\t\t\t\t<\/div>\n\t\t<\/div>\n\t\t\t\t<div class=\"elementor-column elementor-col-50 elementor-top-column elementor-element elementor-element-e10904a\" data-id=\"e10904a\" data-element_type=\"column\">\n\t\t\t<div class=\"elementor-widget-wrap\">\n\t\t\t\t\t\t\t\t\t<\/div>\n\t\t<\/div>\n\t\t\t\t\t\t\t<\/div>\n\t\t<\/section>\n\t\t\t\t<section class=\"elementor-section elementor-top-section elementor-element elementor-element-b9e83ff elementor-section-boxed elementor-section-height-default elementor-section-height-default\" data-id=\"b9e83ff\" data-element_type=\"section\" data-settings=\"{&quot;_ha_eqh_enable&quot;:false}\">\n\t\t\t\t\t\t<div class=\"elementor-container elementor-column-gap-default\">\n\t\t\t\t\t<div class=\"elementor-column elementor-col-100 elementor-top-column elementor-element elementor-element-2ac9a43\" data-id=\"2ac9a43\" data-element_type=\"column\">\n\t\t\t<div class=\"elementor-widget-wrap elementor-element-populated\">\n\t\t\t\t\t\t\t\t<div class=\"elementor-element elementor-element-8f163fb elementor-widget elementor-widget-html\" data-id=\"8f163fb\" data-element_type=\"widget\" data-widget_type=\"html.default\">\n\t\t\t\t<div class=\"elementor-widget-container\">\n\t\t\t<ul id=\"menu-sousmenuvideo\" class=\"main-menu dropdown-menu\">\r\n  <li id=\"menu-item-15952\" class=\"casse menu-item menu-item-type-post_type menu-item-object-page\">\r\n    <a href=\"https:\/\/www.transcrya.com\/?page_id=15936\" class=\"menu-link\">\r\n      <span class=\"text-wrap\">\r\n        <br>\r\n        <center><font color=\"#0024DF\"><br>cr\u00e9e des sous-titres<br>ou transcriptions<br><\/font><\/center>\r\n        <font color=\"#0024DF\"><br><\/font>\r\n      <\/span>\r\n    <\/a>\r\n  <\/li>\r\n  <li id=\"menu-item-8744\" class=\"ligne2 menu-item menu-item-type-post_type menu-item-object-page\">\r\n    <a href=\"https:\/\/www.transcrya.com\/?page_id=8738\" class=\"menu-link\">\r\n      <span class=\"text-wrap\">\r\n        <br>\r\n        <center><font color=\"#0024DF\"><br>corrige<br>les textes g\u00e9n\u00e9r\u00e9s<br><\/font><\/center>\r\n        <font color=\"#0024DF\"><br><\/font>\r\n      <\/span>\r\n    <\/a>\r\n  <\/li>\r\n  <li id=\"menu-item-9573\" class=\"menu-item menu-item-type-post_type menu-item-object-page\">\r\n    <a href=\"https:\/\/www.transcrya.com\/?page_id=3486\" class=\"menu-link\">\r\n      <span class=\"text-wrap\">\r\n        <br>\r\n        <center><font color=\"#0024DF\"><br>t\u00e9l\u00e9charge<br>les r\u00e9sultats<br><\/font><\/center>\r\n        <font color=\"#0024DF\"><br><\/font>\r\n      <\/span>\r\n    <\/a>\r\n  <\/li>\r\n<\/ul>\r\n\r\n<style>\r\n\/* Appliquer un espacement constant \u00e0 tous les \u00e9l\u00e9ments du menu *\/\r\n#menu-sousmenuvideo .menu-item > a {\r\n  font-size: 16px;\r\n  letter-spacing: -0.5px !important;  \/* Espacement r\u00e9duit permanent *\/\r\n  transition: all 0.3s ease;\r\n  color: #0024DF;\r\n}\r\n\r\n\/* Appliquer l'espacement r\u00e9duit aussi sur le hover *\/\r\n#menu-sousmenuvideo .menu-item > a:hover {\r\n  font-size: 18px;\r\n  color: #FF4500;\r\n  letter-spacing: -0.5px !important; \/* Assurer que l'espacement reste r\u00e9duit *\/\r\n}\r\n\r\n\/* Appliquer l'espacement r\u00e9duit aussi lorsqu'il est actif *\/\r\n#menu-sousmenuvideo .menu-item.active > a {\r\n  font-size: 18px;\r\n  font-weight: bold;\r\n  color: #FF4500;\r\n  letter-spacing: -0.5px !important; \/* Assurer que l'espacement reste r\u00e9duit *\/\r\n}\r\n<\/style>\r\n\r\n<script>\r\ndocument.addEventListener(\"DOMContentLoaded\", () => {\r\n  const menuItems = document.querySelectorAll(\"#menu-sousmenuvideo .menu-item > a\");\r\n  const currentURL = window.location.href;\r\n\r\n  \/\/ Appliquer l'\u00e9tat actif \u00e0 l'\u00e9l\u00e9ment correspondant \u00e0 l'URL actuelle\r\n  menuItems.forEach(link => {\r\n    if (link.href === currentURL) {\r\n      link.parentNode.classList.add(\"active\");\r\n    }\r\n\r\n    \/\/ Gestion du clic pour changer l'\u00e9tat actif\r\n    link.addEventListener(\"click\", function () {\r\n      \/\/ Supprime l'\u00e9tat actif de tous les \u00e9l\u00e9ments\r\n      menuItems.forEach(item => item.parentNode.classList.remove(\"active\"));\r\n\r\n      \/\/ Ajoute l'\u00e9tat actif \u00e0 l'\u00e9l\u00e9ment cliqu\u00e9\r\n      this.parentNode.classList.add(\"active\");\r\n    });\r\n  });\r\n});\r\n<\/script>\r\n\t\t<\/div>\n\t\t\t\t<\/div>\n\t\t\t\t\t<\/div>\n\t\t<\/div>\n\t\t\t\t\t\t\t<\/div>\n\t\t<\/section>\n\t\t\t\t\t\t<\/div>\n\t\t\t\t\t<\/div>","protected":false},"excerpt":{"rendered":"<p>Liste de tous mes transcriptions de vid\u00e9o t\u00e9l\u00e9chargeables : cr\u00e9e des sous-titresou transcriptions corrigeles textes g\u00e9n\u00e9r\u00e9s t\u00e9l\u00e9chargeles r\u00e9sultats<\/p>","protected":false},"author":1,"featured_media":0,"parent":0,"menu_order":0,"comment_status":"closed","ping_status":"closed","template":"","meta":{"footnotes":""},"class_list":["post-3486","page","type-page","status-publish","hentry","entry","owp-thumbs-layout-horizontal","owp-btn-normal","owp-tabs-layout-horizontal","has-no-thumbnails"],"_links":{"self":[{"href":"https:\/\/www.transcrya.com\/index.php?rest_route=\/wp\/v2\/pages\/3486","targetHints":{"allow":["GET"]}}],"collection":[{"href":"https:\/\/www.transcrya.com\/index.php?rest_route=\/wp\/v2\/pages"}],"about":[{"href":"https:\/\/www.transcrya.com\/index.php?rest_route=\/wp\/v2\/types\/page"}],"author":[{"embeddable":true,"href":"https:\/\/www.transcrya.com\/index.php?rest_route=\/wp\/v2\/users\/1"}],"replies":[{"embeddable":true,"href":"https:\/\/www.transcrya.com\/index.php?rest_route=%2Fwp%2Fv2%2Fcomments&post=3486"}],"version-history":[{"count":30,"href":"https:\/\/www.transcrya.com\/index.php?rest_route=\/wp\/v2\/pages\/3486\/revisions"}],"predecessor-version":[{"id":21280,"href":"https:\/\/www.transcrya.com\/index.php?rest_route=\/wp\/v2\/pages\/3486\/revisions\/21280"}],"wp:attachment":[{"href":"https:\/\/www.transcrya.com\/index.php?rest_route=%2Fwp%2Fv2%2Fmedia&parent=3486"}],"curies":[{"name":"wp","href":"https:\/\/api.w.org\/{rel}","templated":true}]}}