






{"id":3,"date":"2021-05-05T00:34:24","date_gmt":"2021-05-04T22:34:24","guid":{"rendered":"https:\/\/www.transcrya.com\/?page_id=3"},"modified":"2025-05-20T22:35:40","modified_gmt":"2025-05-20T20:35:40","slug":"politique-de-confidentialite","status":"publish","type":"page","link":"https:\/\/www.transcrya.com\/?page_id=3","title":{"rendered":"Politique de confidentialit\u00e9"},"content":{"rendered":"<div data-elementor-type=\"wp-page\" data-elementor-id=\"3\" class=\"elementor elementor-3\" data-elementor-settings=\"[]\">\n\t\t\t\t\t\t\t<div class=\"elementor-section-wrap\">\n\t\t\t\t\t\t\t<section class=\"elementor-section elementor-top-section elementor-element elementor-element-2a2fc7da elementor-section-boxed elementor-section-height-default elementor-section-height-default\" data-id=\"2a2fc7da\" data-element_type=\"section\" data-settings=\"{&quot;_ha_eqh_enable&quot;:false}\">\n\t\t\t\t\t\t<div class=\"elementor-container elementor-column-gap-default\">\n\t\t\t\t\t<div class=\"elementor-column elementor-col-100 elementor-top-column elementor-element elementor-element-5f220a95\" data-id=\"5f220a95\" data-element_type=\"column\">\n\t\t\t<div class=\"elementor-widget-wrap elementor-element-populated\">\n\t\t\t\t\t\t\t\t<div class=\"elementor-element elementor-element-3c78393d elementor-widget elementor-widget-text-editor\" data-id=\"3c78393d\" data-element_type=\"widget\" data-widget_type=\"text-editor.default\">\n\t\t\t\t<div class=\"elementor-widget-container\">\n\t\t\t\t\t\t\t<!-- wp:heading -->\n<h1 class=\"\" data-start=\"167\" data-end=\"212\">\ud83d\udd10 Politique de confidentialit\u00e9 \u2013 Transcrya<\/h1>\n<p class=\"\" data-start=\"214\" data-end=\"248\">Derni\u00e8re mise \u00e0 jour : 20 mai 2025<\/p>\n<p class=\"\" data-start=\"250\" data-end=\"466\">Chez <strong data-start=\"255\" data-end=\"268\">Transcrya<\/strong>, la confidentialit\u00e9 de vos donn\u00e9es est une priorit\u00e9. Cette politique explique quelles donn\u00e9es sont collect\u00e9es, comment elles sont utilis\u00e9es, et les droits dont vous disposez en tant qu&#8217;utilisateur.<\/p>\n<hr class=\"\" data-start=\"468\" data-end=\"471\" \/>\n<h2 class=\"\" data-start=\"473\" data-end=\"510\">1. Donn\u00e9es personnelles collect\u00e9es<\/h2>\n<p class=\"\" data-start=\"512\" data-end=\"551\">Nous collectons les donn\u00e9es suivantes :<\/p>\n<ul data-start=\"552\" data-end=\"714\">\n<li class=\"\" data-start=\"552\" data-end=\"575\">\n<p class=\"\" data-start=\"554\" data-end=\"575\">Nom et adresse e-mail<\/p>\n<\/li>\n<li class=\"\" data-start=\"576\" data-end=\"617\">\n<p class=\"\" data-start=\"578\" data-end=\"617\">Fichiers transmis (audio, vid\u00e9o, texte)<\/p>\n<\/li>\n<li class=\"\" data-start=\"618\" data-end=\"630\">\n<p class=\"\" data-start=\"620\" data-end=\"630\">Adresse IP<\/p>\n<\/li>\n<li class=\"\" data-start=\"631\" data-end=\"669\">\n<p class=\"\" data-start=\"633\" data-end=\"669\">Cookies de session et de pr\u00e9f\u00e9rences<\/p>\n<\/li>\n<li class=\"\" data-start=\"670\" data-end=\"714\">\n<p class=\"\" data-start=\"672\" data-end=\"714\">Donn\u00e9es de navigation via Google Analytics<\/p>\n<\/li>\n<\/ul>\n<p class=\"\" data-start=\"716\" data-end=\"842\">Ces donn\u00e9es peuvent \u00eatre saisies lors de l\u2019utilisation de formulaires de <strong data-start=\"789\" data-end=\"800\">contact<\/strong>, <strong data-start=\"802\" data-end=\"824\">cr\u00e9ation de compte<\/strong>, ou <strong data-start=\"829\" data-end=\"841\">paiement<\/strong>.<\/p>\n<hr class=\"\" data-start=\"844\" data-end=\"847\" \/>\n<h2 class=\"\" data-start=\"849\" data-end=\"879\">2. Finalit\u00e9s de la collecte<\/h2>\n<p class=\"\" data-start=\"881\" data-end=\"939\">Les donn\u00e9es sont collect\u00e9es pour les finalit\u00e9s suivantes :<\/p>\n<ul data-start=\"940\" data-end=\"1226\">\n<li class=\"\" data-start=\"940\" data-end=\"984\">\n<p class=\"\" data-start=\"942\" data-end=\"984\">Cr\u00e9ation et gestion de comptes utilisateur<\/p>\n<\/li>\n<li class=\"\" data-start=\"985\" data-end=\"1052\">\n<p class=\"\" data-start=\"987\" data-end=\"1052\">Traitement automatique des fichiers (transcription, sous-titrage)<\/p>\n<\/li>\n<li class=\"\" data-start=\"1053\" data-end=\"1091\">\n<p class=\"\" data-start=\"1055\" data-end=\"1091\">Facturation et gestion des paiements<\/p>\n<\/li>\n<li class=\"\" data-start=\"1092\" data-end=\"1146\">\n<p class=\"\" data-start=\"1094\" data-end=\"1146\">Analyse statistique du trafic (via Google Analytics)<\/p>\n<\/li>\n<li class=\"\" data-start=\"1147\" data-end=\"1226\">\n<p class=\"\" data-start=\"1149\" data-end=\"1226\">Am\u00e9lioration de l\u2019exp\u00e9rience utilisateur (cookies de pr\u00e9f\u00e9rence et connexion)<\/p>\n<\/li>\n<\/ul>\n<p class=\"\" data-start=\"1228\" data-end=\"1322\">Le traitement des fichiers est effectu\u00e9 \u00e0 l\u2019aide de solutions d\u2019<strong data-start=\"1292\" data-end=\"1321\">intelligence artificielle<\/strong>.<\/p>\n<hr class=\"\" data-start=\"1324\" data-end=\"1327\" \/>\n<h2 class=\"\" data-start=\"1329\" data-end=\"1354\">3. Partage des donn\u00e9es<\/h2>\n<p class=\"\" data-start=\"1356\" data-end=\"1406\">Vos donn\u00e9es <strong data-start=\"1368\" data-end=\"1393\">ne sont pas revendues<\/strong> \u00e0 des tiers.<\/p>\n<p class=\"\" data-start=\"1408\" data-end=\"1479\">Elles peuvent toutefois \u00eatre partag\u00e9es avec les prestataires suivants :<\/p>\n<ul data-start=\"1480\" data-end=\"1687\">\n<li class=\"\" data-start=\"1480\" data-end=\"1526\">\n<p class=\"\" data-start=\"1482\" data-end=\"1526\"><strong data-start=\"1482\" data-end=\"1492\">Stripe<\/strong>, pour le traitement des paiements<\/p>\n<\/li>\n<li class=\"\" data-start=\"1527\" data-end=\"1623\">\n<p class=\"\" data-start=\"1529\" data-end=\"1623\"><strong data-start=\"1529\" data-end=\"1579\">Fournisseurs d\u2019API d\u2019intelligence artificielle<\/strong>, pour le traitement automatis\u00e9 des fichiers<\/p>\n<\/li>\n<li class=\"\" data-start=\"1624\" data-end=\"1687\">\n<p class=\"\" data-start=\"1626\" data-end=\"1687\"><strong data-start=\"1626\" data-end=\"1642\">Nos serveurs<\/strong>, g\u00e9r\u00e9s en interne (h\u00e9bergement propri\u00e9taire)<\/p>\n<\/li>\n<\/ul>\n<hr class=\"\" data-start=\"1689\" data-end=\"1692\" \/>\n<h2 class=\"\" data-start=\"1694\" data-end=\"1723\">4. H\u00e9bergement et s\u00e9curit\u00e9<\/h2>\n<p class=\"\" data-start=\"1725\" data-end=\"1818\">Les donn\u00e9es sont stock\u00e9es sur des serveurs s\u00e9curis\u00e9s localis\u00e9s en <strong data-start=\"1791\" data-end=\"1801\">Europe<\/strong>, notamment via :<\/p>\n<ul data-start=\"1819\" data-end=\"1885\">\n<li class=\"\" data-start=\"1819\" data-end=\"1844\">\n<p class=\"\" data-start=\"1821\" data-end=\"1844\">Serveurs <strong data-start=\"1830\" data-end=\"1844\">VPS priv\u00e9s<\/strong><\/p>\n<\/li>\n<li class=\"\" data-start=\"1845\" data-end=\"1885\">\n<p class=\"\" data-start=\"1847\" data-end=\"1885\">Services <strong data-start=\"1856\" data-end=\"1863\">AWS<\/strong> (Amazon Web Services)<\/p>\n<\/li>\n<\/ul>\n<p class=\"\" data-start=\"1887\" data-end=\"1932\">Nous mettons en \u0153uvre les mesures suivantes :<\/p>\n<ul data-start=\"1933\" data-end=\"2030\">\n<li class=\"\" data-start=\"1933\" data-end=\"1959\">\n<p class=\"\" data-start=\"1935\" data-end=\"1959\">Acc\u00e8s s\u00e9curis\u00e9 par HTTPS<\/p>\n<\/li>\n<li class=\"\" data-start=\"1960\" data-end=\"2001\">\n<p class=\"\" data-start=\"1962\" data-end=\"2001\">Chiffrement des fichiers et des donn\u00e9es<\/p>\n<\/li>\n<li class=\"\" data-start=\"2002\" data-end=\"2030\">\n<p class=\"\" data-start=\"2004\" data-end=\"2030\">Authentification s\u00e9curis\u00e9e<\/p>\n<\/li>\n<\/ul>\n<p class=\"\" data-start=\"2032\" data-end=\"2119\">Les donn\u00e9es sont conserv\u00e9es <strong data-start=\"2060\" data-end=\"2069\">5 ans<\/strong>, sauf si l\u2019utilisateur en demande la suppression.<\/p>\n<hr class=\"\" data-start=\"2121\" data-end=\"2124\" \/>\n<h2 class=\"\" data-start=\"2126\" data-end=\"2155\">5. Droits des utilisateurs<\/h2>\n<p class=\"\" data-start=\"2157\" data-end=\"2214\">Conform\u00e9ment au RGPD, vous disposez des droits suivants :<\/p>\n<ul data-start=\"2215\" data-end=\"2391\">\n<li class=\"\" data-start=\"2215\" data-end=\"2249\">\n<p class=\"\" data-start=\"2217\" data-end=\"2249\">Acc\u00e8s \u00e0 vos donn\u00e9es personnelles<\/p>\n<\/li>\n<li class=\"\" data-start=\"2250\" data-end=\"2300\">\n<p class=\"\" data-start=\"2252\" data-end=\"2300\">Rectification ou mise \u00e0 jour de vos informations<\/p>\n<\/li>\n<li class=\"\" data-start=\"2301\" data-end=\"2341\">\n<p class=\"\" data-start=\"2303\" data-end=\"2341\">Suppression de vos donn\u00e9es sur demande<\/p>\n<\/li>\n<li class=\"\" data-start=\"2342\" data-end=\"2391\">\n<p class=\"\" data-start=\"2344\" data-end=\"2391\">Opposition ou limitation \u00e0 certains traitements<\/p>\n<\/li>\n<\/ul>\n<p class=\"\" data-start=\"2393\" data-end=\"2484\">Pour exercer ces droits, contactez-nous \u00e0 l\u2019adresse suivante :<br data-start=\"2455\" data-end=\"2458\" \/>\ud83d\udce7 <strong data-start=\"2461\" data-end=\"2484\"><a class=\"cursor-pointer\" rel=\"noopener\" data-start=\"2463\" data-end=\"2482\">rsighieri@gmail.com<\/a><\/strong><\/p>\n<hr class=\"\" data-start=\"2486\" data-end=\"2489\" \/>\n<h2 class=\"\" data-start=\"2491\" data-end=\"2504\">6. Cookies<\/h2>\n<p class=\"\" data-start=\"2506\" data-end=\"2547\">Notre site utilise des <strong data-start=\"2529\" data-end=\"2540\">cookies<\/strong> pour :<\/p>\n<ul data-start=\"2548\" data-end=\"2681\">\n<li class=\"\" data-start=\"2548\" data-end=\"2575\">\n<p class=\"\" data-start=\"2550\" data-end=\"2575\">Maintenir votre connexion<\/p>\n<\/li>\n<li class=\"\" data-start=\"2576\" data-end=\"2619\">\n<p class=\"\" data-start=\"2578\" data-end=\"2619\">Enregistrer vos pr\u00e9f\u00e9rences de navigation<\/p>\n<\/li>\n<li class=\"\" data-start=\"2620\" data-end=\"2681\">\n<p class=\"\" data-start=\"2622\" data-end=\"2681\">Analyser les performances et le trafic via Google Analytics<\/p>\n<\/li>\n<\/ul>\n<p class=\"\" data-start=\"2683\" data-end=\"2772\">Une banni\u00e8re de consentement vous permet d\u2019accepter ou refuser les cookies \u00e0 tout moment.<\/p>\n<hr class=\"\" data-start=\"2774\" data-end=\"2777\" \/>\n<h2 class=\"\" data-start=\"2779\" data-end=\"2810\">7. Responsable du traitement<\/h2>\n<p class=\"\" data-start=\"2812\" data-end=\"2896\">Le responsable du traitement est :<br data-start=\"2846\" data-end=\"2849\" \/><strong data-start=\"2849\" data-end=\"2867\">R\u00e9gis Sighieri<\/strong><br data-start=\"2867\" data-end=\"2870\" \/>\ud83d\udce7 <strong data-start=\"2873\" data-end=\"2896\"><a class=\"cursor-pointer\" rel=\"noopener\" data-start=\"2875\" data-end=\"2894\">rsighieri@gmail.com<\/a><\/strong><\/p>\n<hr class=\"\" data-start=\"2898\" data-end=\"2901\" \/>\n<h2 class=\"\" data-start=\"2903\" data-end=\"2916\">8. Contact<\/h2>\n<p class=\"\" data-start=\"2918\" data-end=\"3087\">Pour toute question li\u00e9e \u00e0 cette politique de confidentialit\u00e9 ou \u00e0 vos donn\u00e9es personnelles, vous pouvez nous contacter via notre <strong data-start=\"3048\" data-end=\"3073\">formulaire de contact<\/strong> ou par email.<\/p>\n<p>\u00a0<\/p>\n<!-- \/wp:paragraph -->\t\t\t\t\t\t<\/div>\n\t\t\t\t<\/div>\n\t\t\t\t\t<\/div>\n\t\t<\/div>\n\t\t\t\t\t\t\t<\/div>\n\t\t<\/section>\n\t\t\t\t\t\t<\/div>\n\t\t\t\t\t<\/div>","protected":false},"excerpt":{"rendered":"<p>\ud83d\udd10 Politique de confidentialit\u00e9 \u2013 Transcrya Derni\u00e8re mise \u00e0 jour : 20 mai 2025 Chez Transcrya, la confidentialit\u00e9 de vos donn\u00e9es est une priorit\u00e9. Cette politique explique quelles donn\u00e9es sont collect\u00e9es, comment elles sont utilis\u00e9es, et les droits dont vous disposez en tant qu&#8217;utilisateur. 1. Donn\u00e9es personnelles collect\u00e9es Nous collectons les donn\u00e9es suivantes : Nom [&hellip;]<\/p>","protected":false},"author":1,"featured_media":0,"parent":0,"menu_order":0,"comment_status":"closed","ping_status":"open","template":"","meta":{"footnotes":""},"class_list":["post-3","page","type-page","status-publish","hentry","entry","owp-thumbs-layout-horizontal","owp-btn-normal","owp-tabs-layout-horizontal","has-no-thumbnails"],"_links":{"self":[{"href":"https:\/\/www.transcrya.com\/index.php?rest_route=\/wp\/v2\/pages\/3","targetHints":{"allow":["GET"]}}],"collection":[{"href":"https:\/\/www.transcrya.com\/index.php?rest_route=\/wp\/v2\/pages"}],"about":[{"href":"https:\/\/www.transcrya.com\/index.php?rest_route=\/wp\/v2\/types\/page"}],"author":[{"embeddable":true,"href":"https:\/\/www.transcrya.com\/index.php?rest_route=\/wp\/v2\/users\/1"}],"replies":[{"embeddable":true,"href":"https:\/\/www.transcrya.com\/index.php?rest_route=%2Fwp%2Fv2%2Fcomments&post=3"}],"version-history":[{"count":10,"href":"https:\/\/www.transcrya.com\/index.php?rest_route=\/wp\/v2\/pages\/3\/revisions"}],"predecessor-version":[{"id":25896,"href":"https:\/\/www.transcrya.com\/index.php?rest_route=\/wp\/v2\/pages\/3\/revisions\/25896"}],"wp:attachment":[{"href":"https:\/\/www.transcrya.com\/index.php?rest_route=%2Fwp%2Fv2%2Fmedia&parent=3"}],"curies":[{"name":"wp","href":"https:\/\/api.w.org\/{rel}","templated":true}]}}