






{"id":27199,"date":"2025-06-16T23:40:10","date_gmt":"2025-06-16T21:40:10","guid":{"rendered":"https:\/\/www.transcrya.com\/?page_id=27199"},"modified":"2025-06-16T23:50:37","modified_gmt":"2025-06-16T21:50:37","slug":"test3aphp","status":"publish","type":"page","link":"https:\/\/www.transcrya.com\/?page_id=27199","title":{"rendered":"test3aphp"},"content":{"rendered":"<div data-elementor-type=\"wp-page\" data-elementor-id=\"27199\" class=\"elementor elementor-27199\" data-elementor-settings=\"[]\">\n\t\t\t\t\t\t\t<div class=\"elementor-section-wrap\">\n\t\t\t\t\t\t\t<section class=\"elementor-section elementor-top-section elementor-element elementor-element-54168fd elementor-section-boxed elementor-section-height-default elementor-section-height-default\" data-id=\"54168fd\" data-element_type=\"section\" data-settings=\"{&quot;_ha_eqh_enable&quot;:false}\">\n\t\t\t\t\t\t<div class=\"elementor-container elementor-column-gap-default\">\n\t\t\t\t\t<div class=\"elementor-column elementor-col-100 elementor-top-column elementor-element elementor-element-4355cff9\" data-id=\"4355cff9\" data-element_type=\"column\">\n\t\t\t<div class=\"elementor-widget-wrap elementor-element-populated\">\n\t\t\t\t\t\t\t\t<div class=\"elementor-element elementor-element-33b05fd elementor-widget elementor-widget-text-editor\" data-id=\"33b05fd\" data-element_type=\"widget\" data-widget_type=\"text-editor.default\">\n\t\t\t\t<div class=\"elementor-widget-container\">\n\t\t\t\t\t\t\t&nbsp;\r\n\r\n&nbsp;\t\t\t\t\t\t<\/div>\n\t\t\t\t<\/div>\n\t\t\t\t\t<\/div>\n\t\t<\/div>\n\t\t\t\t\t\t\t<\/div>\n\t\t<\/section>\n\t\t\t\t<section class=\"elementor-section elementor-top-section elementor-element elementor-element-de001a5 elementor-section-boxed elementor-section-height-default elementor-section-height-default\" data-id=\"de001a5\" data-element_type=\"section\" data-settings=\"{&quot;_ha_eqh_enable&quot;:false}\">\n\t\t\t\t\t\t<div class=\"elementor-container elementor-column-gap-default\">\n\t\t\t\t\t<div class=\"elementor-column elementor-col-100 elementor-top-column elementor-element elementor-element-6cff58f\" data-id=\"6cff58f\" data-element_type=\"column\">\n\t\t\t<div class=\"elementor-widget-wrap\">\n\t\t\t\t\t\t\t\t\t<\/div>\n\t\t<\/div>\n\t\t\t\t\t\t\t<\/div>\n\t\t<\/section>\n\t\t\t\t<section class=\"elementor-section elementor-top-section elementor-element elementor-element-5711c14 elementor-section-boxed elementor-section-height-default elementor-section-height-default\" data-id=\"5711c14\" data-element_type=\"section\" data-settings=\"{&quot;_ha_eqh_enable&quot;:false}\">\n\t\t\t\t\t\t<div class=\"elementor-container elementor-column-gap-default\">\n\t\t\t\t\t<div class=\"elementor-column elementor-col-100 elementor-top-column elementor-element elementor-element-ff69986\" data-id=\"ff69986\" data-element_type=\"column\">\n\t\t\t<div class=\"elementor-widget-wrap elementor-element-populated\">\n\t\t\t\t\t\t\t\t<div class=\"elementor-element elementor-element-8d242a4 elementor-widget elementor-widget-html\" data-id=\"8d242a4\" data-element_type=\"widget\" data-widget_type=\"html.default\">\n\t\t\t\t<div class=\"elementor-widget-container\">\n\t\t\t<ul id=\"menu-sousmenutransvideo\" class=\"main-menu dropdown-menu\">\r\n  <li id=\"menu-item-15952\" class=\"casse menu-item menu-item-type-post_type menu-item-object-page\">\r\n    <a href=\"https:\/\/www.transcrya.com\/?page_id=21129\" class=\"menu-link\">\r\n      <span class=\"text-wrap\">\r\n        <br>\r\n        <center><font color=\"#2b2b53\"><br>cr\u00e9e des sous-titres<br>ou transcriptions<br><\/font><\/center>\r\n        <font color=\"#0024DF\"><br><\/font>\r\n      <\/span>\r\n    <\/a>\r\n  <\/li>\r\n  <li id=\"menu-item-8744\" class=\"ligne2 menu-item menu-item-type-post_type menu-item-object-page\">\r\n    <a href=\"https:\/\/www.transcrya.com\/?page_id=21257\" class=\"menu-link\">\r\n      <span class=\"text-wrap\">\r\n        <br>\r\n        <center><font color=\"#2b2b53\"><br>corrige<br>les textes g\u00e9n\u00e9r\u00e9s<br><\/font><\/center>\r\n        <font color=\"#0024DF\"><br><\/font>\r\n      <\/span>\r\n    <\/a>\r\n  <\/li>\r\n  <li id=\"menu-item-9573\" class=\"menu-item menu-item-type-post_type menu-item-object-page\">\r\n    <a href=\"https:\/\/www.transcrya.com\/?page_id=3486\" class=\"menu-link\">\r\n      <span class=\"text-wrap\">\r\n        <br>\r\n        <center><font color=\"#2b2b53\"><br>t\u00e9l\u00e9charge<br>les r\u00e9sultats<br><\/font><\/center>\r\n        <font color=\"#0024DF\"><br><\/font>\r\n      <\/span>\r\n    <\/a>\r\n  <\/li>\r\n<\/ul>\r\n\r\n<style>\r\n\/* Appliquer un espacement constant \u00e0 tous les \u00e9l\u00e9ments du menu *\/\r\n#menu-sousmenutransvideo .menu-item > a {\r\n  font-size: 16px;\r\n  letter-spacing: -0.5px !important;  \/* Espacement r\u00e9duit permanent *\/\r\n  transition: all 0.3s ease;\r\n  color: #2b2b53;\r\n}\r\n\r\n\/* Appliquer l'espacement r\u00e9duit aussi sur le hover *\/\r\n#menu-sousmenutransvideo .menu-item > a:hover {\r\n  font-size: 18px;\r\n  color: #FF4500;\r\n  letter-spacing: -0.5px !important; \/* Assurer que l'espacement reste r\u00e9duit *\/\r\n}\r\n\r\n\/* Appliquer l'espacement r\u00e9duit aussi lorsqu'il est actif *\/\r\n#menu-sousmenutransvideo .menu-item.active > a {\r\n  font-size: 18px;\r\n  font-weight: bold;\r\n  color: #FF4500;\r\n  letter-spacing: -0.5px !important; \/* Assurer que l'espacement reste r\u00e9duit *\/\r\n}\r\n<\/style>\r\n\r\n<script>\r\ndocument.addEventListener(\"DOMContentLoaded\", () => {\r\n  const menuItems = document.querySelectorAll(\"#menu-sousmenutransvideo .menu-item > a\");\r\n  const currentURL = window.location.href;\r\n\r\n  \/\/ Appliquer l'\u00e9tat actif \u00e0 l'\u00e9l\u00e9ment correspondant \u00e0 l'URL actuelle\r\n  menuItems.forEach(link => {\r\n    if (link.href === currentURL) {\r\n      link.parentNode.classList.add(\"active\");\r\n    }\r\n\r\n    \/\/ Gestion du clic pour changer l'\u00e9tat actif\r\n    link.addEventListener(\"click\", function () {\r\n      \/\/ Supprime l'\u00e9tat actif de tous les \u00e9l\u00e9ments\r\n      menuItems.forEach(item => item.parentNode.classList.remove(\"active\"));\r\n\r\n      \/\/ Ajoute l'\u00e9tat actif \u00e0 l'\u00e9l\u00e9ment cliqu\u00e9\r\n      this.parentNode.classList.add(\"active\");\r\n    });\r\n  });\r\n});\r\n<\/script>\r\n\t\t<\/div>\n\t\t\t\t<\/div>\n\t\t\t\t\t<\/div>\n\t\t<\/div>\n\t\t\t\t\t\t\t<\/div>\n\t\t<\/section>\n\t\t\t\t\t\t<\/div>\n\t\t\t\t\t<\/div>","protected":false},"excerpt":{"rendered":"<p>&nbsp; &nbsp; cr\u00e9e des sous-titres ou transcriptions &nbsp; corrige les textes g\u00e9n\u00e9r\u00e9s &nbsp; t\u00e9l\u00e9charge les r\u00e9sultats<\/p>","protected":false},"author":1,"featured_media":0,"parent":0,"menu_order":0,"comment_status":"closed","ping_status":"closed","template":"test3a.php","meta":{"footnotes":""},"class_list":["post-27199","page","type-page","status-publish","hentry","entry","owp-thumbs-layout-horizontal","owp-btn-normal","owp-tabs-layout-horizontal","has-no-thumbnails"],"_links":{"self":[{"href":"https:\/\/www.transcrya.com\/index.php?rest_route=\/wp\/v2\/pages\/27199","targetHints":{"allow":["GET"]}}],"collection":[{"href":"https:\/\/www.transcrya.com\/index.php?rest_route=\/wp\/v2\/pages"}],"about":[{"href":"https:\/\/www.transcrya.com\/index.php?rest_route=\/wp\/v2\/types\/page"}],"author":[{"embeddable":true,"href":"https:\/\/www.transcrya.com\/index.php?rest_route=\/wp\/v2\/users\/1"}],"replies":[{"embeddable":true,"href":"https:\/\/www.transcrya.com\/index.php?rest_route=%2Fwp%2Fv2%2Fcomments&post=27199"}],"version-history":[{"count":2,"href":"https:\/\/www.transcrya.com\/index.php?rest_route=\/wp\/v2\/pages\/27199\/revisions"}],"predecessor-version":[{"id":27201,"href":"https:\/\/www.transcrya.com\/index.php?rest_route=\/wp\/v2\/pages\/27199\/revisions\/27201"}],"wp:attachment":[{"href":"https:\/\/www.transcrya.com\/index.php?rest_route=%2Fwp%2Fv2%2Fmedia&parent=27199"}],"curies":[{"name":"wp","href":"https:\/\/api.w.org\/{rel}","templated":true}]}}