






{"id":26252,"date":"2025-05-29T21:57:27","date_gmt":"2025-05-29T19:57:27","guid":{"rendered":"https:\/\/www.transcrya.com\/?page_id=26252"},"modified":"2025-05-29T22:41:30","modified_gmt":"2025-05-29T20:41:30","slug":"inscription","status":"publish","type":"page","link":"https:\/\/www.transcrya.com\/?page_id=26252","title":{"rendered":"Inscription"},"content":{"rendered":"<div data-elementor-type=\"wp-page\" data-elementor-id=\"26252\" class=\"elementor elementor-26252\" data-elementor-settings=\"[]\">\n\t\t\t\t\t\t\t<div class=\"elementor-section-wrap\">\n\t\t\t\t\t\t\t<section class=\"elementor-section elementor-top-section elementor-element elementor-element-2639d7f6 elementor-section-boxed elementor-section-height-default elementor-section-height-default\" data-id=\"2639d7f6\" data-element_type=\"section\" data-settings=\"{&quot;_ha_eqh_enable&quot;:false}\">\n\t\t\t\t\t\t<div class=\"elementor-container elementor-column-gap-default\">\n\t\t\t\t\t<div class=\"elementor-column elementor-col-100 elementor-top-column elementor-element elementor-element-19ba6f8b\" data-id=\"19ba6f8b\" data-element_type=\"column\">\n\t\t\t<div class=\"elementor-widget-wrap elementor-element-populated\">\n\t\t\t\t\t\t\t\t<div class=\"elementor-element elementor-element-25fbaf85 elementor-widget elementor-widget-shortcode\" data-id=\"25fbaf85\" data-element_type=\"widget\" data-widget_type=\"shortcode.default\">\n\t\t\t\t<div class=\"elementor-widget-container\">\n\t\t\t\t\t<div class=\"elementor-shortcode\">    <form method=\"post\">\n        <p><label>Email<br><input type=\"email\" name=\"email\" required><\/label><\/p>\n        <p><label>Mot de passe<br><input type=\"password\" name=\"password\" required><\/label><\/p>\n        <p>\n            <label>\n                <input type=\"checkbox\" name=\"accept_terms\" required>\n                J\u2019ai lu et j\u2019accepte la <a href=\"https:\/\/www.transcrya.com\/?page_id=26202\" target=\"_blank\" rel=\"noopener noreferrer\">politique de confidentialit\u00e9<\/a> et j\u2019autorise \u00ab TRANSCRYA \u00bb \u00e0 collecter et \u00e0 stocker les donn\u00e9es que j\u2019envoie par l\u2019interm\u00e9diaire de ce formulaire. *\n            <\/label>\n        <\/p>\n        <p><button type=\"submit\" name=\"fip_submit\">S\u2019inscrire<\/button><\/p>\n        <p>\n            Vous avez d\u00e9j\u00e0 un compte ? <a href=\"https:\/\/www.transcrya.com\/wp-login.php\">Connectez-vous<\/a><br>\n            <a href=\"https:\/\/www.transcrya.com\/?page_id=399\">Mot de passe perdu ?<\/a>\n        <\/p>\n    <\/form>\n    <\/div>\n\t\t\t\t<\/div>\n\t\t\t\t<\/div>\n\t\t\t\t\t<\/div>\n\t\t<\/div>\n\t\t\t\t\t\t\t<\/div>\n\t\t<\/section>\n\t\t\t\t\t\t<\/div>\n\t\t\t\t\t<\/div>","protected":false},"excerpt":{"rendered":"","protected":false},"author":1,"featured_media":0,"parent":0,"menu_order":0,"comment_status":"closed","ping_status":"closed","template":"","meta":{"footnotes":""},"class_list":["post-26252","page","type-page","status-publish","hentry","entry","owp-thumbs-layout-horizontal","owp-btn-normal","owp-tabs-layout-horizontal","has-no-thumbnails"],"_links":{"self":[{"href":"https:\/\/www.transcrya.com\/index.php?rest_route=\/wp\/v2\/pages\/26252","targetHints":{"allow":["GET"]}}],"collection":[{"href":"https:\/\/www.transcrya.com\/index.php?rest_route=\/wp\/v2\/pages"}],"about":[{"href":"https:\/\/www.transcrya.com\/index.php?rest_route=\/wp\/v2\/types\/page"}],"author":[{"embeddable":true,"href":"https:\/\/www.transcrya.com\/index.php?rest_route=\/wp\/v2\/users\/1"}],"replies":[{"embeddable":true,"href":"https:\/\/www.transcrya.com\/index.php?rest_route=%2Fwp%2Fv2%2Fcomments&post=26252"}],"version-history":[{"count":10,"href":"https:\/\/www.transcrya.com\/index.php?rest_route=\/wp\/v2\/pages\/26252\/revisions"}],"predecessor-version":[{"id":26266,"href":"https:\/\/www.transcrya.com\/index.php?rest_route=\/wp\/v2\/pages\/26252\/revisions\/26266"}],"wp:attachment":[{"href":"https:\/\/www.transcrya.com\/index.php?rest_route=%2Fwp%2Fv2%2Fmedia&parent=26252"}],"curies":[{"name":"wp","href":"https:\/\/api.w.org\/{rel}","templated":true}]}}