






{"id":2344,"date":"2021-09-20T10:54:04","date_gmt":"2021-09-20T08:54:04","guid":{"rendered":"https:\/\/www.transcrya.com\/?page_id=2344"},"modified":"2025-05-27T13:04:00","modified_gmt":"2025-05-27T11:04:00","slug":"contact","status":"publish","type":"page","link":"https:\/\/www.transcrya.com\/?page_id=2344","title":{"rendered":"Contact"},"content":{"rendered":"<div data-elementor-type=\"wp-page\" data-elementor-id=\"2344\" class=\"elementor elementor-2344\" data-elementor-settings=\"[]\">\n\t\t\t\t\t\t\t<div class=\"elementor-section-wrap\">\n\t\t\t\t\t\t\t<section class=\"elementor-section elementor-top-section elementor-element elementor-element-6926ea4 elementor-section-boxed elementor-section-height-default elementor-section-height-default\" data-id=\"6926ea4\" data-element_type=\"section\" data-settings=\"{&quot;_ha_eqh_enable&quot;:false}\">\n\t\t\t\t\t\t<div class=\"elementor-container elementor-column-gap-default\">\n\t\t\t\t\t<div class=\"elementor-column elementor-col-100 elementor-top-column elementor-element elementor-element-73bfd74\" data-id=\"73bfd74\" data-element_type=\"column\">\n\t\t\t<div class=\"elementor-widget-wrap elementor-element-populated\">\n\t\t\t\t\t\t\t\t<div class=\"elementor-element elementor-element-a2d30d7 elementor-widget elementor-widget-spacer\" data-id=\"a2d30d7\" data-element_type=\"widget\" data-widget_type=\"spacer.default\">\n\t\t\t\t<div class=\"elementor-widget-container\">\n\t\t\t\t\t<div class=\"elementor-spacer\">\n\t\t\t<div class=\"elementor-spacer-inner\"><\/div>\n\t\t<\/div>\n\t\t\t\t<\/div>\n\t\t\t\t<\/div>\n\t\t\t\t\t<\/div>\n\t\t<\/div>\n\t\t\t\t\t\t\t<\/div>\n\t\t<\/section>\n\t\t\t\t<section class=\"elementor-section elementor-top-section elementor-element elementor-element-a5f31ee elementor-section-boxed elementor-section-height-default elementor-section-height-default\" data-id=\"a5f31ee\" data-element_type=\"section\" data-settings=\"{&quot;_ha_eqh_enable&quot;:false}\">\n\t\t\t\t\t\t<div class=\"elementor-container elementor-column-gap-default\">\n\t\t\t\t\t<div class=\"elementor-column elementor-col-100 elementor-top-column elementor-element elementor-element-ec0af09\" data-id=\"ec0af09\" data-element_type=\"column\">\n\t\t\t<div class=\"elementor-widget-wrap elementor-element-populated\">\n\t\t\t\t\t\t\t\t<div class=\"elementor-element elementor-element-74c896e elementor-widget elementor-widget-wp-widget-ocean_contact_info\" data-id=\"74c896e\" data-element_type=\"widget\" data-widget_type=\"wp-widget-ocean_contact_info.default\">\n\t\t\t\t<div class=\"elementor-widget-container\">\n\t\t\t<h5>Contact<\/h5><ul class=\"contact-info-widget big-icons\"><li class=\"text\">Vous avez une question ou une probl\u00e9matique \u00e0 r\u00e9soudre :<\/li><li class=\"email\"><i class=\"icon-envelope\" aria-hidden=\"true\"><\/i><div class=\"oceanwp-info-wrap\"><span class=\"oceanwp-contact-title\">E-mail\u00a0:<\/span><span class=\"oceanwp-contact-text\"><a href=\"mailto:con&#116;&#097;c&#116;&#064;&#116;&#114;a&#110;s&#099;rya&#046;&#099;&#111;&#109;\">contact@transcrya.com<\/a><span class=\"screen-reader-text\">S\u2019ouvre dans votre application<\/span><\/span><\/div><\/li><\/ul>\t\t<\/div>\n\t\t\t\t<\/div>\n\t\t\t\t\t<\/div>\n\t\t<\/div>\n\t\t\t\t\t\t\t<\/div>\n\t\t<\/section>\n\t\t\t\t\t\t<\/div>\n\t\t\t\t\t<\/div>","protected":false},"excerpt":{"rendered":"","protected":false},"author":1,"featured_media":0,"parent":0,"menu_order":0,"comment_status":"closed","ping_status":"closed","template":"","meta":{"footnotes":""},"class_list":["post-2344","page","type-page","status-publish","hentry","entry","owp-thumbs-layout-horizontal","owp-btn-normal","owp-tabs-layout-horizontal","has-no-thumbnails"],"_links":{"self":[{"href":"https:\/\/www.transcrya.com\/index.php?rest_route=\/wp\/v2\/pages\/2344","targetHints":{"allow":["GET"]}}],"collection":[{"href":"https:\/\/www.transcrya.com\/index.php?rest_route=\/wp\/v2\/pages"}],"about":[{"href":"https:\/\/www.transcrya.com\/index.php?rest_route=\/wp\/v2\/types\/page"}],"author":[{"embeddable":true,"href":"https:\/\/www.transcrya.com\/index.php?rest_route=\/wp\/v2\/users\/1"}],"replies":[{"embeddable":true,"href":"https:\/\/www.transcrya.com\/index.php?rest_route=%2Fwp%2Fv2%2Fcomments&post=2344"}],"version-history":[{"count":6,"href":"https:\/\/www.transcrya.com\/index.php?rest_route=\/wp\/v2\/pages\/2344\/revisions"}],"predecessor-version":[{"id":26168,"href":"https:\/\/www.transcrya.com\/index.php?rest_route=\/wp\/v2\/pages\/2344\/revisions\/26168"}],"wp:attachment":[{"href":"https:\/\/www.transcrya.com\/index.php?rest_route=%2Fwp%2Fv2%2Fmedia&parent=2344"}],"curies":[{"name":"wp","href":"https:\/\/api.w.org\/{rel}","templated":true}]}}