






{"id":23203,"date":"2025-04-10T22:14:11","date_gmt":"2025-04-10T20:14:11","guid":{"rendered":"https:\/\/www.transcrya.com\/?page_id=23203"},"modified":"2025-05-31T00:04:19","modified_gmt":"2025-05-30T22:04:19","slug":"a-la-demande","status":"publish","type":"page","link":"https:\/\/www.transcrya.com\/?page_id=23203","title":{"rendered":"merci"},"content":{"rendered":"<div data-elementor-type=\"wp-page\" data-elementor-id=\"23203\" class=\"elementor elementor-23203\" data-elementor-settings=\"[]\">\n\t\t\t\t\t\t\t<div class=\"elementor-section-wrap\">\n\t\t\t\t\t\t\t<section class=\"elementor-section elementor-top-section elementor-element elementor-element-7b304d9b elementor-section-boxed elementor-section-height-default elementor-section-height-default\" data-id=\"7b304d9b\" data-element_type=\"section\" data-settings=\"{&quot;_ha_eqh_enable&quot;:false}\">\n\t\t\t\t\t\t<div class=\"elementor-container elementor-column-gap-default\">\n\t\t\t\t\t<div class=\"elementor-column elementor-col-100 elementor-top-column elementor-element elementor-element-27199e8e\" data-id=\"27199e8e\" data-element_type=\"column\">\n\t\t\t<div class=\"elementor-widget-wrap elementor-element-populated\">\n\t\t\t\t\t\t\t\t<div class=\"elementor-element elementor-element-48b8520e elementor-widget elementor-widget-text-editor\" data-id=\"48b8520e\" data-element_type=\"widget\" data-widget_type=\"text-editor.default\">\n\t\t\t\t<div class=\"elementor-widget-container\">\n\t\t\t\t\t\t\t<p style=\"text-align: center;\" data-start=\"445\" data-end=\"645\"><strong data-start=\"445\" data-end=\"482\">Merci beaucoup pour votre achat !<\/strong><\/p><p style=\"text-align: center;\" data-start=\"445\" data-end=\"645\"><br data-start=\"482\" data-end=\"485\" \/>Votre paiement a \u00e9t\u00e9 trait\u00e9 avec succ\u00e8s.<\/p><p style=\"text-align: center;\" data-start=\"445\" data-end=\"645\"><br data-start=\"525\" data-end=\"528\" \/>Nous sommes ravis de vous compter parmi nos clients<\/p><p style=\"text-align: center;\" data-start=\"445\" data-end=\"645\">et restons \u00e0 votre disposition pour toute question ou assistance.<\/p>\t\t\t\t\t\t<\/div>\n\t\t\t\t<\/div>\n\t\t\t\t\t<\/div>\n\t\t<\/div>\n\t\t\t\t\t\t\t<\/div>\n\t\t<\/section>\n\t\t\t\t\t\t<\/div>\n\t\t\t\t\t<\/div>","protected":false},"excerpt":{"rendered":"<p>Merci beaucoup pour votre achat ! Votre paiement a \u00e9t\u00e9 trait\u00e9 avec succ\u00e8s. Nous sommes ravis de vous compter parmi nos clients et restons \u00e0 votre disposition pour toute question ou assistance.<\/p>","protected":false},"author":1,"featured_media":0,"parent":0,"menu_order":0,"comment_status":"closed","ping_status":"closed","template":"","meta":{"footnotes":""},"class_list":["post-23203","page","type-page","status-publish","hentry","entry","owp-thumbs-layout-horizontal","owp-btn-normal","owp-tabs-layout-horizontal","has-no-thumbnails"],"_links":{"self":[{"href":"https:\/\/www.transcrya.com\/index.php?rest_route=\/wp\/v2\/pages\/23203","targetHints":{"allow":["GET"]}}],"collection":[{"href":"https:\/\/www.transcrya.com\/index.php?rest_route=\/wp\/v2\/pages"}],"about":[{"href":"https:\/\/www.transcrya.com\/index.php?rest_route=\/wp\/v2\/types\/page"}],"author":[{"embeddable":true,"href":"https:\/\/www.transcrya.com\/index.php?rest_route=\/wp\/v2\/users\/1"}],"replies":[{"embeddable":true,"href":"https:\/\/www.transcrya.com\/index.php?rest_route=%2Fwp%2Fv2%2Fcomments&post=23203"}],"version-history":[{"count":10,"href":"https:\/\/www.transcrya.com\/index.php?rest_route=\/wp\/v2\/pages\/23203\/revisions"}],"predecessor-version":[{"id":26379,"href":"https:\/\/www.transcrya.com\/index.php?rest_route=\/wp\/v2\/pages\/23203\/revisions\/26379"}],"wp:attachment":[{"href":"https:\/\/www.transcrya.com\/index.php?rest_route=%2Fwp%2Fv2%2Fmedia&parent=23203"}],"curies":[{"name":"wp","href":"https:\/\/api.w.org\/{rel}","templated":true}]}}