






{"id":1912,"date":"2021-09-06T21:48:31","date_gmt":"2021-09-06T19:48:31","guid":{"rendered":"https:\/\/www.transcrya.com\/?page_id=1912"},"modified":"2025-06-21T14:06:51","modified_gmt":"2025-06-21T12:06:51","slug":"credit-initial","status":"publish","type":"page","link":"https:\/\/www.transcrya.com\/?page_id=1912","title":{"rendered":"Cr\u00e9dit initial"},"content":{"rendered":"<div data-elementor-type=\"wp-page\" data-elementor-id=\"1912\" class=\"elementor elementor-1912\" data-elementor-settings=\"[]\">\n\t\t\t\t\t\t\t<div class=\"elementor-section-wrap\">\n\t\t\t\t\t\t\t<section class=\"elementor-section elementor-top-section elementor-element elementor-element-ac42840 elementor-section-boxed elementor-section-height-default elementor-section-height-default\" data-id=\"ac42840\" data-element_type=\"section\" data-settings=\"{&quot;_ha_eqh_enable&quot;:false}\">\n\t\t\t\t\t\t<div class=\"elementor-container elementor-column-gap-default\">\n\t\t\t\t\t<div class=\"elementor-column elementor-col-100 elementor-top-column elementor-element elementor-element-781ed73\" data-id=\"781ed73\" data-element_type=\"column\">\n\t\t\t<div class=\"elementor-widget-wrap elementor-element-populated\">\n\t\t\t\t\t\t\t\t<div class=\"elementor-element elementor-element-af6816c elementor-widget elementor-widget-html\" data-id=\"af6816c\" data-element_type=\"widget\" data-widget_type=\"html.default\">\n\t\t\t\t<div class=\"elementor-widget-container\">\n\t\t\t<div style=\"max-width:600px; margin:50px auto; padding:30px; background-color:#f9f9f9; border-radius:8px; border:1px solid #ddd; font-family:Arial, sans-serif; color:#333; text-align:center;\">\r\n  <h2 style=\"color:#0073aa;\">Bienvenue sur Transcrya&nbsp;!<\/h2>\r\n  <p style=\"font-size:18px; line-height:1.6;\">\r\n    F\u00e9licitations, votre espace personnel a bien \u00e9t\u00e9 cr\u00e9\u00e9.\r\n  <\/p>\r\n  <p style=\"font-size:16px; line-height:1.6;\">\r\n    Pour vous permettre de tester la qualit\u00e9 de notre service, <strong>nous vous offrons 10 minutes gratuites<\/strong> pour vos transcriptions et sous-titrages.\r\n  <\/p>\r\n  <p style=\"font-size:16px; line-height:1.6;\">\r\n    N\u2019h\u00e9sitez pas \u00e0 soumettre un premier fichier et d\u00e9couvrir la pr\u00e9cision de nos r\u00e9sultats.\r\n  <\/p>\r\n  <p style=\"font-size:16px; line-height:1.6; margin-top:20px;\">\r\n    Votre avis nous est pr\u00e9cieux. Pour toute remarque ou suggestion, contactez-nous \u00e0 :<br>\r\n    <a href=\"mailto:contact@transcrya.com\" style=\"color:#0073aa; text-decoration:none;\"><strong>contact@transcrya.com<\/strong><\/a>\r\n  <\/p>\r\n  <p style=\"margin-top:30px; font-size:16px;\">\r\n    Encore une fois, bienvenue \u2014 et bonne d\u00e9couverte !\r\n  <\/p>\r\n<\/div>\r\n\t\t<\/div>\n\t\t\t\t<\/div>\n\t\t\t\t\t<\/div>\n\t\t<\/div>\n\t\t\t\t\t\t\t<\/div>\n\t\t<\/section>\n\t\t\t\t<section class=\"elementor-section elementor-top-section elementor-element elementor-element-95e1700 elementor-section-boxed elementor-section-height-default elementor-section-height-default\" data-id=\"95e1700\" data-element_type=\"section\" data-settings=\"{&quot;_ha_eqh_enable&quot;:false}\">\n\t\t\t\t\t\t<div class=\"elementor-container elementor-column-gap-default\">\n\t\t\t\t\t<div class=\"elementor-column elementor-col-25 elementor-top-column elementor-element elementor-element-18bfa7a\" data-id=\"18bfa7a\" data-element_type=\"column\">\n\t\t\t<div class=\"elementor-widget-wrap elementor-element-populated\">\n\t\t\t\t\t\t\t\t<div class=\"elementor-element elementor-element-2bd1130 elementor-align-left elementor-widget elementor-widget-button\" data-id=\"2bd1130\" data-element_type=\"widget\" data-widget_type=\"button.default\">\n\t\t\t\t<div class=\"elementor-widget-container\">\n\t\t\t\t\t<div class=\"elementor-button-wrapper\">\n\t\t\t<a href=\"https:\/\/www.transcrya.com\/?page_id=23453\" class=\"elementor-button-link elementor-button elementor-size-sm\" role=\"button\">\n\t\t\t\t\t\t<span class=\"elementor-button-content-wrapper\">\n\t\t\t\t\t\t<span class=\"elementor-button-text\">Sous-titrer une vid\u00e9o<\/span>\n\t\t<\/span>\n\t\t\t\t\t<\/a>\n\t\t<\/div>\n\t\t\t\t<\/div>\n\t\t\t\t<\/div>\n\t\t\t\t\t<\/div>\n\t\t<\/div>\n\t\t\t\t<div class=\"elementor-column elementor-col-25 elementor-top-column elementor-element elementor-element-d1c6b2b\" data-id=\"d1c6b2b\" data-element_type=\"column\">\n\t\t\t<div class=\"elementor-widget-wrap elementor-element-populated\">\n\t\t\t\t\t\t\t\t<div class=\"elementor-element elementor-element-9cb9f30 elementor-align-left elementor-widget elementor-widget-button\" data-id=\"9cb9f30\" data-element_type=\"widget\" data-widget_type=\"button.default\">\n\t\t\t\t<div class=\"elementor-widget-container\">\n\t\t\t\t\t<div class=\"elementor-button-wrapper\">\n\t\t\t<a href=\"https:\/\/www.transcrya.com?page_id=21129\" class=\"elementor-button-link elementor-button elementor-size-sm\" role=\"button\">\n\t\t\t\t\t\t<span class=\"elementor-button-content-wrapper\">\n\t\t\t\t\t\t<span class=\"elementor-button-text\">Transcrire une vid\u00e9o<\/span>\n\t\t<\/span>\n\t\t\t\t\t<\/a>\n\t\t<\/div>\n\t\t\t\t<\/div>\n\t\t\t\t<\/div>\n\t\t\t\t\t<\/div>\n\t\t<\/div>\n\t\t\t\t<div class=\"elementor-column elementor-col-25 elementor-top-column elementor-element elementor-element-a635dc3\" data-id=\"a635dc3\" data-element_type=\"column\">\n\t\t\t<div class=\"elementor-widget-wrap elementor-element-populated\">\n\t\t\t\t\t\t\t\t<div class=\"elementor-element elementor-element-26fa04f elementor-align-left elementor-widget elementor-widget-button\" data-id=\"26fa04f\" data-element_type=\"widget\" data-widget_type=\"button.default\">\n\t\t\t\t<div class=\"elementor-widget-container\">\n\t\t\t\t\t<div class=\"elementor-button-wrapper\">\n\t\t\t<a href=\"https:\/\/www.transcrya.com?page_id=2703\" class=\"elementor-button-link elementor-button elementor-size-sm\" role=\"button\">\n\t\t\t\t\t\t<span class=\"elementor-button-content-wrapper\">\n\t\t\t\t\t\t<span class=\"elementor-button-text\">Transcrire un audio- pas op\u00e9rationnel<\/span>\n\t\t<\/span>\n\t\t\t\t\t<\/a>\n\t\t<\/div>\n\t\t\t\t<\/div>\n\t\t\t\t<\/div>\n\t\t\t\t\t<\/div>\n\t\t<\/div>\n\t\t\t\t<div class=\"elementor-column elementor-col-25 elementor-top-column elementor-element elementor-element-f28aa6d\" data-id=\"f28aa6d\" data-element_type=\"column\">\n\t\t\t<div class=\"elementor-widget-wrap\">\n\t\t\t\t\t\t\t\t\t<\/div>\n\t\t<\/div>\n\t\t\t\t\t\t\t<\/div>\n\t\t<\/section>\n\t\t\t\t<section class=\"elementor-section elementor-top-section elementor-element elementor-element-35a46c7 elementor-section-boxed elementor-section-height-default elementor-section-height-default\" data-id=\"35a46c7\" data-element_type=\"section\" data-settings=\"{&quot;_ha_eqh_enable&quot;:false}\">\n\t\t\t\t\t\t<div class=\"elementor-container elementor-column-gap-default\">\n\t\t\t\t\t<div class=\"elementor-column elementor-col-100 elementor-top-column elementor-element elementor-element-5c87447\" data-id=\"5c87447\" data-element_type=\"column\">\n\t\t\t<div class=\"elementor-widget-wrap elementor-element-populated\">\n\t\t\t\t\t\t\t\t<div class=\"elementor-element elementor-element-fcc7806 elementor-widget elementor-widget-text-editor\" data-id=\"fcc7806\" data-element_type=\"widget\" data-widget_type=\"text-editor.default\">\n\t\t\t\t<div class=\"elementor-widget-container\">\n\t\t\tcr\u00e9dit offert = <br>cr\u00e9dit offert = 10000 minutes<br>\t\t\t\t<p>[init_crr_video]<\/p><p>[freepayinit]<\/p>\t\t\t\t\t\t<\/div>\n\t\t\t\t<\/div>\n\t\t\t\t\t<\/div>\n\t\t<\/div>\n\t\t\t\t\t\t\t<\/div>\n\t\t<\/section>\n\t\t\t\t\t\t<\/div>\n\t\t\t\t\t<\/div>","protected":false},"excerpt":{"rendered":"<p>Bienvenue sur Transcrya&nbsp;! F\u00e9licitations, votre espace personnel a bien \u00e9t\u00e9 cr\u00e9\u00e9. Pour vous permettre de tester la qualit\u00e9 de notre service, nous vous offrons 10 minutes gratuites pour vos transcriptions et sous-titrages. N\u2019h\u00e9sitez pas \u00e0 soumettre un premier fichier et d\u00e9couvrir la pr\u00e9cision de nos r\u00e9sultats. Votre avis nous est pr\u00e9cieux. Pour toute remarque ou [&hellip;]<\/p>","protected":false},"author":1,"featured_media":0,"parent":0,"menu_order":0,"comment_status":"closed","ping_status":"closed","template":"","meta":{"footnotes":""},"class_list":["post-1912","page","type-page","status-publish","hentry","entry","owp-thumbs-layout-horizontal","owp-btn-normal","owp-tabs-layout-horizontal","has-no-thumbnails"],"_links":{"self":[{"href":"https:\/\/www.transcrya.com\/index.php?rest_route=\/wp\/v2\/pages\/1912","targetHints":{"allow":["GET"]}}],"collection":[{"href":"https:\/\/www.transcrya.com\/index.php?rest_route=\/wp\/v2\/pages"}],"about":[{"href":"https:\/\/www.transcrya.com\/index.php?rest_route=\/wp\/v2\/types\/page"}],"author":[{"embeddable":true,"href":"https:\/\/www.transcrya.com\/index.php?rest_route=\/wp\/v2\/users\/1"}],"replies":[{"embeddable":true,"href":"https:\/\/www.transcrya.com\/index.php?rest_route=%2Fwp%2Fv2%2Fcomments&post=1912"}],"version-history":[{"count":39,"href":"https:\/\/www.transcrya.com\/index.php?rest_route=\/wp\/v2\/pages\/1912\/revisions"}],"predecessor-version":[{"id":27450,"href":"https:\/\/www.transcrya.com\/index.php?rest_route=\/wp\/v2\/pages\/1912\/revisions\/27450"}],"wp:attachment":[{"href":"https:\/\/www.transcrya.com\/index.php?rest_route=%2Fwp%2Fv2%2Fmedia&parent=1912"}],"curies":[{"name":"wp","href":"https:\/\/api.w.org\/{rel}","templated":true}]}}